{"id":15,"date":"2014-04-10T09:49:47","date_gmt":"2014-04-10T07:49:47","guid":{"rendered":"https:\/\/ways4.eu\/?page_id=15"},"modified":"2016-02-29T13:06:24","modified_gmt":"2016-02-29T11:06:24","slug":"shopping","status":"publish","type":"page","link":"https:\/\/ways4.eu\/de\/shopping\/","title":{"rendered":"Musik"},"content":{"rendered":"<p>Alles m\u00f6gliche zu den Themen Musik und Homerecording wird hier zu finden sein.<\/p>\n<div class=\"add_posts\"><a class=\"post-thumb alignleft\" style=\"float:left; margin-right:15px; clear:both;\" href=\"https:\/\/ways4.eu\/de\/blog\/2023\/03\/03\/remembering-the-legendary-wayne-shorter\/ \"><img width=\"64\" height=\"64\" src=\"https:\/\/ways4.eu\/wp-content\/uploads\/2023\/03\/wp-1677829536658-150x150.jpg\" class=\"attachment-64x64 size-64x64 wp-post-image\" alt=\"Remembering the legendary jazz musician Wayne Shorter, who pushed the limits of jazz with his unique and experimental approach.\" decoding=\"async\" loading=\"lazy\" \/><\/a><div class=\"add_posts_content\" style=\"clear:both;\"><div id=\"ez-toc-container\" class=\"ez-toc-v2_0_44_2 counter-hierarchy ez-toc-counter ez-toc-grey ez-toc-container-direction\">\n<div class=\"ez-toc-title-container\">\n<p class=\"ez-toc-title\">Table of Contents<\/p>\n<span class=\"ez-toc-title-toggle\"><a href=\"#\" class=\"ez-toc-pull-right ez-toc-btn ez-toc-btn-xs ez-toc-btn-default ez-toc-toggle\" area-label=\"ez-toc-toggle-icon-1\"><label for=\"item-69e8c16a9471d\" aria-label=\"Table of Content\"><span style=\"display: flex;align-items: center;width: 35px;height: 30px;justify-content: center;direction:ltr;\"><svg style=\"fill: #999;color:#999\" xmlns=\"http:\/\/www.w3.org\/2000\/svg\" class=\"list-377408\" width=\"20px\" height=\"20px\" viewBox=\"0 0 24 24\" fill=\"none\"><path d=\"M6 6H4v2h2V6zm14 0H8v2h12V6zM4 11h2v2H4v-2zm16 0H8v2h12v-2zM4 16h2v2H4v-2zm16 0H8v2h12v-2z\" fill=\"currentColor\"><\/path><\/svg><svg style=\"fill: #999;color:#999\" class=\"arrow-unsorted-368013\" xmlns=\"http:\/\/www.w3.org\/2000\/svg\" width=\"10px\" height=\"10px\" viewBox=\"0 0 24 24\" version=\"1.2\" baseProfile=\"tiny\"><path d=\"M18.2 9.3l-6.2-6.3-6.2 6.3c-.2.2-.3.4-.3.7s.1.5.3.7c.2.2.4.3.7.3h11c.3 0 .5-.1.7-.3.2-.2.3-.5.3-.7s-.1-.5-.3-.7zM5.8 14.7l6.2 6.3 6.2-6.3c.2-.2.3-.5.3-.7s-.1-.5-.3-.7c-.2-.2-.4-.3-.7-.3h-11c-.3 0-.5.1-.7.3-.2.2-.3.5-.3.7s.1.5.3.7z\"\/><\/svg><\/span><\/label><input  type=\"checkbox\" id=\"item-69e8c16a9471d\"><\/a><\/span><\/div>\n<nav><ul class='ez-toc-list ez-toc-list-level-1 ' ><li class='ez-toc-page-1 ez-toc-heading-level-2'><a class=\"ez-toc-link ez-toc-heading-1\" href=\"https:\/\/ways4.eu\/de\/shopping\/#In_Erinnerung_an_Wayne_Shorter\" title=\"In Erinnerung an Wayne Shorter\">In Erinnerung an Wayne Shorter<\/a><\/li><li class='ez-toc-page-1 ez-toc-heading-level-2'><a class=\"ez-toc-link ez-toc-heading-2\" href=\"https:\/\/ways4.eu\/de\/shopping\/#Nothingman_von_Pearl_Jam\" title=\"Nothingman von Pearl Jam\">Nothingman von Pearl Jam<\/a><\/li><li class='ez-toc-page-1 ez-toc-heading-level-2'><a class=\"ez-toc-link ez-toc-heading-3\" href=\"https:\/\/ways4.eu\/de\/shopping\/#Legendaer_und_immer_wieder_Klasse_Goin_Home_von_Ten_Years_After_auf_Amazon_Music\" title=\"Legend\u00e4r und immer wieder Klasse: Goin&#8216; Home! von Ten Years After auf Amazon Music\">Legend\u00e4r und immer wieder Klasse: Goin&#8216; Home! von Ten Years After auf Amazon Music<\/a><\/li><li class='ez-toc-page-1 ez-toc-heading-level-2'><a class=\"ez-toc-link ez-toc-heading-4\" href=\"https:\/\/ways4.eu\/de\/shopping\/#Na_geht_doch_God_of_the_Sun_von_Sons_Of_Apollo_auf_Amazon_Music\" title=\"Na geht doch : God of the Sun von Sons Of Apollo auf Amazon Music\">Na geht doch : God of the Sun von Sons Of Apollo auf Amazon Music<\/a><\/li><li class='ez-toc-page-1 ez-toc-heading-level-2'><a class=\"ez-toc-link ez-toc-heading-5\" href=\"https:\/\/ways4.eu\/de\/shopping\/#Top_30_Hitliste_fuer_Juli_2017_der_teuersten_Vinyls_auf_Discogs_verkauft\" title=\"Top 30 Hitliste f\u00fcr Juli 2017 der teuersten Vinyls auf Discogs verkauft\">Top 30 Hitliste f\u00fcr Juli 2017 der teuersten Vinyls auf Discogs verkauft<\/a><\/li><\/ul><\/nav><\/div>\n<h2 class=\"title\" style=\"clear: none;\"><span class=\"ez-toc-section\" id=\"In_Erinnerung_an_Wayne_Shorter\"><\/span><a href=\"https:\/\/ways4.eu\/de\/blog\/2023\/03\/03\/remembering-the-legendary-wayne-shorter\/\">In Erinnerung an Wayne Shorter<\/a><span class=\"ez-toc-section-end\"><\/span><\/h2><div class=\"post-content\" style=\"clear:both\";><h3>Das Leben und Verm\u00e4chtnis von Wayne Shorter<\/h3>\n<p>Traurige Nachrichten f\u00fcr die Jazz-Community, da wir um Wayne Shorter trauern, einen wahren Innovator und eine Legende in der Welt des Jazz. Shorter, der f\u00fcr seine einzigartige und experimentelle Herangehensweise an Jazz bekannt war, starb im Alter von 89 Jahren. Er hinterl\u00e4sst ein Verm\u00e4chtnis, das unz\u00e4hlige Musiker und Fans gleicherma\u00dfen inspiriert hat.<br \/>\n<!--more--><\/p>\n<h3>Fr\u00fches Leben und Karriere<\/h3>\n<p>Shorter wurde 1933 in Newark, New Jersey, geboren, wuchs in einer musikalischen Familie auf und begann schon in jungen Jahren Saxophon zu spielen. Nach dem Besuch der New York University begann er seine professionelle Karriere als Sideman bei Art Blakey's Jazz Messengers, einer Gruppe, die zu einer Brutst\u00e4tte f\u00fcr junge Jazztalente werden sollte.<\/p>\n<h3>The Jazz Messengers und das Quintett von Miles Davis<\/h3>\n<p>W\u00e4hrend seiner Zeit bei den Jazz Messengers begann Shorter, seinen unverwechselbaren Stil zu entwickeln. Er war bekannt f\u00fcr seine Verwendung ungew\u00f6hnlicher Skalen und Akkordfolgen sowie f\u00fcr seine F\u00e4higkeit, verschiedene Musikstile nahtlos in seine Jazzkompositionen zu integrieren. Er war auch ein produktiver Komponist, der viele der beliebtesten Melodien der Jazz Messengers schrieb.<\/p>\n<p>Nachdem er die Jazz Messengers verlassen hatte, schloss sich Shorter dem legend\u00e4ren zweiten Quintett von Miles Davis an, zu dem Herbie Hancock, Ron Carter und Tony Williams geh\u00f6rten. Diese Gruppe wurde sp\u00e4ter zu einem der einflussreichsten und innovativsten Ensembles in der Geschichte des Jazz, wobei Shorter eine Schl\u00fcsselrolle bei der Gestaltung ihres Sounds spielte.<\/p>\n<h3>Ein Verm\u00e4chtnis der Innovation<\/h3>\n<p>W\u00e4hrend seiner gesamten Karriere blieb Shorter an der Spitze der Jazz-Innovation. Er experimentierte mit elektronischen Instrumenten, arbeitete mit Musikern verschiedenster Genres zusammen und verschob die Grenzen dessen, was Jazz sein konnte. Sein Einfluss ist in der Musik unz\u00e4hliger K\u00fcnstler zu h\u00f6ren, von zeitgen\u00f6ssischen Jazzmusikern bis hin zu Hip-Hop-Musikern und dar\u00fcber hinaus.<\/p>\n<p>Shorters Einfluss auf die Welt des Jazz kann nicht hoch genug eingesch\u00e4tzt werden. Er war ein wahrer Innovator, der das Genre in aufregende und unerwartete Richtungen trieb. Seine Musik entwickelte sich immer weiter und ging immer an die Grenzen des M\u00f6glichen. Und obwohl er nicht mehr da ist, wird sein Verm\u00e4chtnis Musiker f\u00fcr kommende Generationen inspirieren und beeinflussen.<\/p>\n<h3>In Memoriam<\/h3>\n<p>Ruhe in Frieden, Wayne Shorter. Du wirst sehr vermisst, aber deine Musik wird f\u00fcr immer weiterleben.<\/p>\n<\/div><hr style=\"margin:10px 0\"><\/div><a class=\"post-thumb alignleft\" style=\"float:left; margin-right:15px; clear:both;\" href=\"https:\/\/ways4.eu\/de\/blog\/2018\/03\/27\/nothingman-von-pearl-jam\/ \"><\/a><div class=\"add_posts_content\" style=\"clear:both;\"><h2 class=\"title\" style=\"clear: none;\"><span class=\"ez-toc-section\" id=\"Nothingman_von_Pearl_Jam\"><\/span><a href=\"https:\/\/ways4.eu\/de\/blog\/2018\/03\/27\/nothingman-von-pearl-jam\/\">Nothingman von Pearl Jam<\/a><span class=\"ez-toc-section-end\"><\/span><\/h2><div class=\"post-content\" style=\"clear:both\";><p>AWESOME !!!<br \/>\n<a href=\"https:\/\/music.amazon.de\/albums\/B00EI1BPKG?trackAsin=B00EI1CWX0&amp;ref=dm_sh_gyaMLc0R9pqgzdTIQT2d6xU02\">https:\/\/music.amazon.de\/albums\/B00EI1BPKG?trackAsin=B00EI1CWX0&amp;ref=dm_sh_gyaMLc0R9pqgzdTIQT2d6xU02<\/a><\/p>\n<\/div><hr style=\"margin:10px 0\"><\/div><a class=\"post-thumb alignleft\" style=\"float:left; margin-right:15px; clear:both;\" href=\"https:\/\/ways4.eu\/de\/blog\/2017\/11\/07\/legendar-und-immer-wieder-klasse-goin-home-von-ten-years-after-auf-amazon-music\/ \"><\/a><div class=\"add_posts_content\" style=\"clear:both;\"><h2 class=\"title\" style=\"clear: none;\"><a href=\"https:\/\/ways4.eu\/de\/blog\/2017\/11\/07\/legendar-und-immer-wieder-klasse-goin-home-von-ten-years-after-auf-amazon-music\/\">Legend\u00e4r und immer wieder Klasse: Goin' Home! von Ten Years After auf Amazon Music<\/a><\/h2><div class=\"post-content\" style=\"clear:both\";><p><img src=\"https:\/\/ways4.eu\/wp-content\/uploads\/2017\/11\/screenshot_smartselect_2017-11-07-19-56-371012888915.png\" width=\"1354\" height=\"1339\" class=\"size-full\"><br \/>\n<a href=\"https:\/\/music.amazon.de\/albums\/B01KK7ANE0?ref=dm_sh_r1Y2aYPzbojnMroUswOUvgkQO\">https:\/\/music.amazon.de\/albums\/B01KK7ANE0?ref=dm_sh_r1Y2aYPzbojnMroUswOUvgkQO<\/a><\/p>\n<\/div><hr style=\"margin:10px 0\"><\/div><a class=\"post-thumb alignleft\" style=\"float:left; margin-right:15px; clear:both;\" href=\"https:\/\/ways4.eu\/de\/blog\/2017\/11\/07\/na-geht-doch-god-of-the-sun-von-sons-of-apollo-auf-amazon-music\/ \"><\/a><div class=\"add_posts_content\" style=\"clear:both;\"><h2 class=\"title\" style=\"clear: none;\"><span class=\"ez-toc-section\" id=\"Na_geht_doch_God_of_the_Sun_von_Sons_Of_Apollo_auf_Amazon_Music\"><\/span><a href=\"https:\/\/ways4.eu\/de\/blog\/2017\/11\/07\/na-geht-doch-god-of-the-sun-von-sons-of-apollo-auf-amazon-music\/\">Na geht doch : God of the Sun von Sons Of Apollo auf Amazon Music<\/a><span class=\"ez-toc-section-end\"><\/span><\/h2><div class=\"post-content\" style=\"clear:both\";><p>Sch\u00f6ne und h\u00f6renswerte Hardrockplatte:<\/p>\n<p><img src=\"https:\/\/ways4.eu\/wp-content\/uploads\/2017\/11\/screenshot_smartselect_2017-11-07-18-59-411882162028.png\" width=\"1355\" height=\"1377\" class=\"size-full\"><\/p>\n<p>Entdecken Sie God of the Sun von Sons Of Apollo auf Amazon Music<br \/>\n<a href=\"https:\/\/music.amazon.de\/albums\/B074KK8V2T?trackAsin=B074KHBJDM&amp;ref=dm_sh_HOH6r8jKTc5mPfZvKBkQzEvz9\">https:\/\/music.amazon.de\/albums\/B074KK8V2T?trackAsin=B074KHBJDM&amp;ref=dm_sh_HOH6r8jKTc5mPfZvKBkQzEvz9<\/a><\/p>\n<\/div><hr style=\"margin:10px 0\"><\/div><a class=\"post-thumb alignleft\" style=\"float:left; margin-right:15px; clear:both;\" href=\"https:\/\/ways4.eu\/de\/blog\/2017\/09\/21\/top-30-most-expensive-records-sold-on-discogs-july-2017-discogs-blog\/ \"><\/a><div class=\"add_posts_content\" style=\"clear:both;\"><h2 class=\"title\" style=\"clear: none;\"><span class=\"ez-toc-section\" id=\"Top_30_Hitliste_fuer_Juli_2017_der_teuersten_Vinyls_auf_Discogs_verkauft\"><\/span><a href=\"https:\/\/ways4.eu\/de\/blog\/2017\/09\/21\/top-30-most-expensive-records-sold-on-discogs-july-2017-discogs-blog\/\">Top 30 Hitliste f\u00fcr Juli 2017 der teuersten Vinyls auf Discogs verkauft<\/a><span class=\"ez-toc-section-end\"><\/span><\/h2><div class=\"post-content\" style=\"clear:both\";><p><img class=\"size-full\" src=\"https:\/\/ways4.eu\/wp-content\/uploads\/2017\/09\/wp-image-1028406645.png\" width=\"1365\" height=\"1365\" \/><\/p>\n<p><a href=\"https:\/\/blog.discogs.com\/en\/top-30-expensive-records-july-2017\/?utm_source=mktg&amp;utm_medium=email&amp;utm_campaign=DC_Charts_1709\">https:\/\/blog.discogs.com\/en\/top-30-expensive-records-july-2017\/?utm_source=mktg&amp;utm_medium=email&amp;utm_campaign=DC_Charts_1709<\/a><\/p>\n<\/div><hr style=\"margin:10px 0\"><\/div><\/div><div style=\"clear: both;\"><\/div>\n<p>&nbsp;<\/p>\n<div style='text-align:left' class='yasr-auto-insert-overall'><\/div><div style='text-align:left' class='yasr-auto-insert-visitor'><\/div>","protected":false},"excerpt":{"rendered":"<p>Alles m\u00f6gliche zu den Themen Musik und Homerecording wird hier zu finden sein. &nbsp;<\/p>\n","protected":false},"author":1,"featured_media":0,"parent":0,"menu_order":0,"comment_status":"open","ping_status":"open","template":"","meta":{"_oct_exclude_from_cache":false,"_mi_skip_tracking":false,"yasr_overall_rating":0,"yasr_post_is_review":"","yasr_auto_insert_disabled":"","yasr_review_type":""},"yoast_head":"<!-- This site is optimized with the Yoast SEO plugin v20.0 - https:\/\/yoast.com\/wordpress\/plugins\/seo\/ -->\n<title>Musik - Streng vertraulich !<\/title>\n<meta name=\"robots\" content=\"index, follow, max-snippet:-1, max-image-preview:large, max-video-preview:-1\" \/>\n<link rel=\"canonical\" href=\"https:\/\/ways4.eu\/shopping\/\" \/>\n<meta property=\"og:locale\" content=\"de_DE\" \/>\n<meta property=\"og:type\" content=\"article\" \/>\n<meta property=\"og:title\" content=\"Musik - Streng vertraulich !\" \/>\n<meta property=\"og:url\" content=\"https:\/\/ways4.eu\/shopping\/\" \/>\n<meta property=\"og:site_name\" content=\"Streng vertraulich !\" \/>\n<meta property=\"article:modified_time\" content=\"2016-02-29T11:06:24+00:00\" \/>\n<meta name=\"twitter:card\" content=\"summary_large_image\" \/>\n<meta name=\"twitter:site\" content=\"@sabhe011\" \/>\n<script type=\"application\/ld+json\" class=\"yoast-schema-graph\">{\"@context\":\"https:\/\/schema.org\",\"@graph\":[{\"@type\":\"WebPage\",\"@id\":\"https:\/\/ways4.eu\/shopping\/\",\"url\":\"https:\/\/ways4.eu\/shopping\/\",\"name\":\"Musik - Streng vertraulich !\",\"isPartOf\":{\"@id\":\"https:\/\/ways4.eu\/#website\"},\"datePublished\":\"2014-04-10T07:49:47+00:00\",\"dateModified\":\"2016-02-29T11:06:24+00:00\",\"breadcrumb\":{\"@id\":\"https:\/\/ways4.eu\/shopping\/#breadcrumb\"},\"inLanguage\":\"de\",\"potentialAction\":[{\"@type\":\"ReadAction\",\"target\":[\"https:\/\/ways4.eu\/shopping\/\"]}]},{\"@type\":\"BreadcrumbList\",\"@id\":\"https:\/\/ways4.eu\/shopping\/#breadcrumb\",\"itemListElement\":[{\"@type\":\"ListItem\",\"position\":1,\"name\":\"Home\",\"item\":\"https:\/\/ways4.eu\/\"},{\"@type\":\"ListItem\",\"position\":2,\"name\":\"Music &#038; Homerecording\"}]},{\"@type\":\"WebSite\",\"@id\":\"https:\/\/ways4.eu\/#website\",\"url\":\"https:\/\/ways4.eu\/\",\"name\":\"Streng vertraulich !\",\"description\":\"Nicht weitersagen...\",\"publisher\":{\"@id\":\"https:\/\/ways4.eu\/#\/schema\/person\/00041dcd2cf535a70052cf591c2abd81\"},\"potentialAction\":[{\"@type\":\"SearchAction\",\"target\":{\"@type\":\"EntryPoint\",\"urlTemplate\":\"https:\/\/ways4.eu\/?s={search_term_string}\"},\"query-input\":\"required name=search_term_string\"}],\"inLanguage\":\"de\"},{\"@type\":[\"Person\",\"Organization\"],\"@id\":\"https:\/\/ways4.eu\/#\/schema\/person\/00041dcd2cf535a70052cf591c2abd81\",\"name\":\"pathfinder\",\"image\":{\"@type\":\"ImageObject\",\"inLanguage\":\"de\",\"@id\":\"https:\/\/ways4.eu\/#\/schema\/person\/image\/\",\"url\":\"https:\/\/i0.wp.com\/www.ways4.eu\/wp-content\/uploads\/2023\/01\/wp-1674746983690.jpg?fit=702%2C841&ssl=1\",\"contentUrl\":\"https:\/\/i0.wp.com\/www.ways4.eu\/wp-content\/uploads\/2023\/01\/wp-1674746983690.jpg?fit=702%2C841&ssl=1\",\"width\":702,\"height\":841,\"caption\":\"pathfinder\"},\"logo\":{\"@id\":\"https:\/\/ways4.eu\/#\/schema\/person\/image\/\"},\"sameAs\":[\"https:\/\/ways4.eu\",\"https:\/\/twitter.com\/sabhe011\"]}]}<\/script>\n<!-- \/ Yoast SEO plugin. -->","yoast_head_json":{"title":"Musik - Streng vertraulich !","robots":{"index":"index","follow":"follow","max-snippet":"max-snippet:-1","max-image-preview":"max-image-preview:large","max-video-preview":"max-video-preview:-1"},"canonical":"https:\/\/ways4.eu\/shopping\/","og_locale":"de_DE","og_type":"article","og_title":"Musik - Streng vertraulich !","og_url":"https:\/\/ways4.eu\/shopping\/","og_site_name":"Streng vertraulich !","article_modified_time":"2016-02-29T11:06:24+00:00","twitter_card":"summary_large_image","twitter_site":"@sabhe011","schema":{"@context":"https:\/\/schema.org","@graph":[{"@type":"WebPage","@id":"https:\/\/ways4.eu\/shopping\/","url":"https:\/\/ways4.eu\/shopping\/","name":"Musik - Streng vertraulich !","isPartOf":{"@id":"https:\/\/ways4.eu\/#website"},"datePublished":"2014-04-10T07:49:47+00:00","dateModified":"2016-02-29T11:06:24+00:00","breadcrumb":{"@id":"https:\/\/ways4.eu\/shopping\/#breadcrumb"},"inLanguage":"de","potentialAction":[{"@type":"ReadAction","target":["https:\/\/ways4.eu\/shopping\/"]}]},{"@type":"BreadcrumbList","@id":"https:\/\/ways4.eu\/shopping\/#breadcrumb","itemListElement":[{"@type":"ListItem","position":1,"name":"Home","item":"https:\/\/ways4.eu\/"},{"@type":"ListItem","position":2,"name":"Music &#038; Homerecording"}]},{"@type":"WebSite","@id":"https:\/\/ways4.eu\/#website","url":"https:\/\/ways4.eu\/","name":"Streng vertraulich !","description":"Nicht weitersagen...","publisher":{"@id":"https:\/\/ways4.eu\/#\/schema\/person\/00041dcd2cf535a70052cf591c2abd81"},"potentialAction":[{"@type":"SearchAction","target":{"@type":"EntryPoint","urlTemplate":"https:\/\/ways4.eu\/?s={search_term_string}"},"query-input":"required name=search_term_string"}],"inLanguage":"de"},{"@type":["Person","Organization"],"@id":"https:\/\/ways4.eu\/#\/schema\/person\/00041dcd2cf535a70052cf591c2abd81","name":"pathfinder","image":{"@type":"ImageObject","inLanguage":"de","@id":"https:\/\/ways4.eu\/#\/schema\/person\/image\/","url":"https:\/\/i0.wp.com\/www.ways4.eu\/wp-content\/uploads\/2023\/01\/wp-1674746983690.jpg?fit=702%2C841&ssl=1","contentUrl":"https:\/\/i0.wp.com\/www.ways4.eu\/wp-content\/uploads\/2023\/01\/wp-1674746983690.jpg?fit=702%2C841&ssl=1","width":702,"height":841,"caption":"pathfinder"},"logo":{"@id":"https:\/\/ways4.eu\/#\/schema\/person\/image\/"},"sameAs":["https:\/\/ways4.eu","https:\/\/twitter.com\/sabhe011"]}]}},"yasr_visitor_votes":{"number_of_votes":0,"sum_votes":0,"stars_attributes":{"read_only":false,"span_bottom":false}},"_links":{"self":[{"href":"https:\/\/ways4.eu\/de\/wp-json\/wp\/v2\/pages\/15"}],"collection":[{"href":"https:\/\/ways4.eu\/de\/wp-json\/wp\/v2\/pages"}],"about":[{"href":"https:\/\/ways4.eu\/de\/wp-json\/wp\/v2\/types\/page"}],"author":[{"embeddable":true,"href":"https:\/\/ways4.eu\/de\/wp-json\/wp\/v2\/users\/1"}],"replies":[{"embeddable":true,"href":"https:\/\/ways4.eu\/de\/wp-json\/wp\/v2\/comments?post=15"}],"version-history":[{"count":9,"href":"https:\/\/ways4.eu\/de\/wp-json\/wp\/v2\/pages\/15\/revisions"}],"predecessor-version":[{"id":354,"href":"https:\/\/ways4.eu\/de\/wp-json\/wp\/v2\/pages\/15\/revisions\/354"}],"wp:attachment":[{"href":"https:\/\/ways4.eu\/de\/wp-json\/wp\/v2\/media?parent=15"}],"curies":[{"name":"wp","href":"https:\/\/api.w.org\/{rel}","templated":true}]}}