{"id":177,"date":"2014-04-23T11:20:51","date_gmt":"2014-04-23T09:20:51","guid":{"rendered":"https:\/\/ways4.eu\/?page_id=177"},"modified":"2023-02-08T17:37:55","modified_gmt":"2023-02-08T15:37:55","slug":"sap","status":"publish","type":"page","link":"https:\/\/ways4.eu\/de\/computers-and-it\/sap\/","title":{"rendered":"SAP (die Software)"},"content":{"rendered":"<p><div class=\"add_posts\"><a class=\"post-thumb alignleft\" style=\"float:left; margin-right:15px; clear:both;\" href=\"https:\/\/ways4.eu\/de\/blog\/2018\/06\/03\/deutsch-sap-abap-systemfelder-teil-1-informationen-uber-das-aktuelle-sap-system-2-2-2\/ \"><img width=\"64\" height=\"64\" src=\"https:\/\/ways4.eu\/wp-content\/uploads\/2023\/02\/wp-1675868715715-150x150.jpg\" class=\"attachment-64x64 size-64x64 wp-post-image\" alt=\"SAP Batch Input Processing Information: Important SAP ABAP System Fields of the SYST Structure 2023-02-08\" decoding=\"async\" loading=\"lazy\" \/><\/a><div class=\"add_posts_content\" style=\"clear:both;\"><h2 class=\"title\" style=\"clear: none;\"><a href=\"https:\/\/ways4.eu\/de\/blog\/2018\/06\/03\/deutsch-sap-abap-systemfelder-teil-1-informationen-uber-das-aktuelle-sap-system-2-2-2\/\">SAP: ABAP-Systemfelder - Teil 5: Informationen zur Batch- und Batchinput- Verarbeitung<\/a><\/h2><div class=\"post-content\" style=\"clear:both\";><p>Nachstehend wichtige SAP-ABAP-Systemfelder der Struktur SYST des ABAP Dictionaries.<\/p>\n<h3><span class=\"ez-toc-section\" id=\"Teil_5_Informationen_zur_Batch-_und_Batchinput-_Verarbeitung\"><\/span>Teil 5: Informationen zur Batch- und Batchinput- Verarbeitung<span class=\"ez-toc-section-end\"><\/span><\/h3>\n <a href=\"https:\/\/ways4.eu\/de\/blog\/2018\/06\/03\/deutsch-sap-abap-systemfelder-teil-1-informationen-uber-das-aktuelle-sap-system-2-2-2\/\" class=\"readmore\">Hier geht es weiter<\/a><\/div><hr style=\"margin:10px 0\"><\/div><a class=\"post-thumb alignleft\" style=\"float:left; margin-right:15px; clear:both;\" href=\"https:\/\/ways4.eu\/de\/blog\/2018\/04\/05\/deutsch-sap-abap-systemfelder-teil-1-informationen-uber-das-aktuelle-sap-system-2-2-2-2\/ \"><\/a><div class=\"add_posts_content\" style=\"clear:both;\"><h2 class=\"title\" style=\"clear: none;\"><a href=\"https:\/\/ways4.eu\/de\/blog\/2018\/04\/05\/deutsch-sap-abap-systemfelder-teil-1-informationen-uber-das-aktuelle-sap-system-2-2-2-2\/\">SAP: ABAP-Systemfelder - Teil 4 - Informationen \u00fcber das aktuelle ABAP-Programm<\/a><\/h2><div class=\"post-content\" style=\"clear:both\";><p>Nachstehend wichtige SAP-ABAP-Systemfelder der Struktur SYST des ABAP Dictionaries.<\/p>\n<h3><span class=\"ez-toc-section\" id=\"Teil_4_Informationen_ueber_das_aktuelle_ABAP-Programm\"><\/span>Teil 4: Informationen \u00fcber das aktuelle ABAP-Programm<span class=\"ez-toc-section-end\"><\/span><\/h3>\n<div style=\"overflow-x: auto;\">\n<table>\n<tbody>\n<tr>\n<td><strong>Systemfeld<\/strong><\/td>\n<td><strong>Bedeutung<\/strong><\/td>\n<\/tr>\n<tr>\n<td>sy-calld<\/td>\n<td>Nach Aufruf \u00fcber CALL TRANSACTION, CALL DIALOG oder SUBMIT.... auf 'X' gesetzt, falls das Programm \u00fcber LEAVE TO TRANSACTION oder \u00fcber einen Transaktionscode aus einem Dynpro gestartet wurde, leer.<\/td>\n<\/tr>\n<tr>\n<td>sy-cprog<\/td>\n<td>In extern aufgerufenen Prozeduren der Name des aufrufenden Programms, ansonsten der Name des aktuellen Programms. Wenn eine extern aufgerufene Prozedur eine weitere externe Prozedur aufruft, beh\u00e4lt cprog den Namen des ersten Rahmenprogramms und wird nicht auf den Namen des weiteren aufgerufenen Rahmenprogramms gesetzt.<\/td>\n<\/tr>\n<tr>\n<td>sy-dbname<\/td>\n<td>Bei ausf\u00fchrbaren Programmen die verkn\u00fcpfte logische Datenbank.<\/td>\n<\/tr>\n<tr>\n<td>sy-dyngr<\/td>\n<td>Bildgruppe des aktuellen Dynpros. Mehrere Dynpros k\u00f6nnen im Screen Painter einer gemeinsamen Bildgruppe zugeordnet werden, die zB f\u00fcr eine einheitliche Modifikation aller Bildschirmbilder dieser Gruppe verwendet werden kann.<\/td>\n<\/tr>\n<tr>\n<td>sy-dynnr<\/td>\n<td>Nummer des aktuellen Dynpros. W\u00e4hrend der Selektionsbildverarbeitung das aktuelle Selektionsbild. W\u00e4hrend des Listenverarbeitung die Nummer des Tr\u00e4ger- Dynpros.<br \/>\nW\u00e4hrend der Verarbeitung eines Subscreen-Dynpros (auch bei TabStrips) dessen Nummer.<\/td>\n<\/tr>\n<tr>\n<td>sy-ldbpg<\/td>\n<td>Bei ausf\u00fchrbaren Programmen das Datenbankprogramm der verkn\u00fcpften logischen Datenbank.<\/td>\n<\/tr>\n<tr>\n<td>sy-repid<\/td>\n<td>Name des aktuellen Programms. Bei extern aufgerufenen Prozeduren Name des Rahmenprogramms der Prozedur. Falls sy-repid als Aktualparameter an eine externe Prozedur \u00fcbergeben wird, wird der Formalparameter aber nicht auf den Namen des Aufrufers sondern auf den Namen des Rahmenprogramms der Prozedur gesetzt.<\/td>\n<\/tr>\n<tr>\n<td>sy-tcode<\/td>\n<td>Name des aktuellen Transaktionscodes.<\/td>\n<\/tr>\n<\/tbody>\n<\/table>\n<\/div>\n <a href=\"https:\/\/ways4.eu\/de\/blog\/2018\/04\/05\/deutsch-sap-abap-systemfelder-teil-1-informationen-uber-das-aktuelle-sap-system-2-2-2-2\/\" class=\"readmore\">Hier geht es weiter<\/a><\/div><hr style=\"margin:10px 0\"><\/div><a class=\"post-thumb alignleft\" style=\"float:left; margin-right:15px; clear:both;\" href=\"https:\/\/ways4.eu\/de\/blog\/2018\/04\/05\/deutsch-sap-abap-systemfelder-teil-1-informationen-uber-das-aktuelle-sap-system-2-2\/ \"><\/a><div class=\"add_posts_content\" style=\"clear:both;\"><h2 class=\"title\" style=\"clear: none;\"><a href=\"https:\/\/ways4.eu\/de\/blog\/2018\/04\/05\/deutsch-sap-abap-systemfelder-teil-1-informationen-uber-das-aktuelle-sap-system-2-2\/\">SAP: ABAP-Systemfelder - Teil 3 - Informationen zu Datum und Uhrzeit<\/a><\/h2><div class=\"post-content\" style=\"clear:both\";><p>Nachstehend wichtige SAP-ABAP-Systemfelder der Struktur SYST des ABAP Dictionaries.<\/p>\n<h3><span class=\"ez-toc-section\" id=\"Teil_3_Informationen_zu_Datum_und_Uhrzeit\"><\/span>Teil 3: Informationen zu Datum und Uhrzeit<span class=\"ez-toc-section-end\"><\/span><\/h3>\n <a href=\"https:\/\/ways4.eu\/de\/blog\/2018\/04\/05\/deutsch-sap-abap-systemfelder-teil-1-informationen-uber-das-aktuelle-sap-system-2-2\/\" class=\"readmore\">Hier geht es weiter<\/a><\/div><hr style=\"margin:10px 0\"><\/div><a class=\"post-thumb alignleft\" style=\"float:left; margin-right:15px; clear:both;\" href=\"https:\/\/ways4.eu\/de\/blog\/2018\/04\/05\/deutsch-sap-abap-systemfelder-teil-1-informationen-uber-das-aktuelle-sap-system-2\/ \"><\/a><div class=\"add_posts_content\" style=\"clear:both;\"><h2 class=\"title\" style=\"clear: none;\"><a href=\"https:\/\/ways4.eu\/de\/blog\/2018\/04\/05\/deutsch-sap-abap-systemfelder-teil-1-informationen-uber-das-aktuelle-sap-system-2\/\">SAP: ABAP-Systemfelder - Teil 2 - Informationen \u00fcber die aktuelle SAP-Benutzersitzung<\/a><\/h2><div class=\"post-content\" style=\"clear:both\";><p>Nachstehend wichtige SAP-ABAP-Systemfelder der Struktur SYST des ABAP Dictionaries.<\/p>\n<p>Teil 2: Informationen \u00fcber die aktuelle SAP- Benutzersitzung<\/p>\n<table style=\"height: 178px; width: 618px;\">\n<tbody>\n<tr>\n<td style=\"width: 131px;\"><strong>Systemfeld<\/strong><\/td>\n<td style=\"width: 471px;\"><strong>Bedeutung<\/strong><\/td>\n<\/tr>\n<tr>\n<td style=\"width: 131px;\">sy-langu<\/td>\n<td style=\"width: 471px;\">Einstelliger Sprachenschl\u00fcssel zB D,E,F. Entweder Anmeldesprache des Benutzers oder durch die Anweisung SET LOCALE LANGUAGE gesetzt.<\/td>\n<\/tr>\n<tr>\n<td style=\"width: 131px;\">sy-mandt<\/td>\n<td style=\"width: 471px;\">Mandantennummer mit der sich der Benutzer angemeldet hat, zB 100, 300, 400, 401 etc.<\/td>\n<\/tr>\n<tr>\n<td style=\"width: 131px;\">sy-modno<\/td>\n<td style=\"width: 471px;\">Indizierung der externen Modi. Enth\u00e4lt im ersten Modus den Wert Null. Wird in neuen Modi, die mit der Funktion 'Erzeugen Modus' oder durch den Aufruf einer Transaktion mit '\/o' im Eingabefeld der Symbolleiste ge\u00f6ffnet werden, um 1 erh\u00f6ht.<\/td>\n<\/tr>\n<tr>\n<td style=\"width: 131px;\">sy-uname<\/td>\n<td style=\"width: 471px;\">Anmeldename des Benutzers, zB GFRA11, MUELLERM, KRA411<\/td>\n<\/tr>\n<\/tbody>\n<\/table>\n<p>&nbsp;<\/p>\n <a href=\"https:\/\/ways4.eu\/de\/blog\/2018\/04\/05\/deutsch-sap-abap-systemfelder-teil-1-informationen-uber-das-aktuelle-sap-system-2\/\" class=\"readmore\">Hier geht es weiter<\/a><\/div><hr style=\"margin:10px 0\"><\/div><a class=\"post-thumb alignleft\" style=\"float:left; margin-right:15px; clear:both;\" href=\"https:\/\/ways4.eu\/de\/blog\/2018\/04\/05\/deutsch-sap-abap-systemfelder-teil-1-informationen-uber-das-aktuelle-sap-system\/ \"><\/a><div class=\"add_posts_content\" style=\"clear:both;\"><h2 class=\"title\" style=\"clear: none;\"><a href=\"https:\/\/ways4.eu\/de\/blog\/2018\/04\/05\/deutsch-sap-abap-systemfelder-teil-1-informationen-uber-das-aktuelle-sap-system\/\">SAP: ABAP-Systemfelder - Teil 1 - Informationen \u00fcber das aktuelle SAP-System<\/a><\/h2><div class=\"post-content\" style=\"clear:both\";><p>Nachstehend wichtige SAP-ABAP-Systemfelder der Struktur SYST des ABAP Dictionaries.<\/p>\n<p>Teil 1: Informationen \u00fcber das aktuelle SAP-System<\/p>\n<table style=\"height: 178px; width: 618px;\">\n<tbody>\n<tr>\n<td style=\"width: 131px;\"><strong>Systemfeld<\/strong><\/td>\n<td style=\"width: 471px;\"><strong>Bedeutung<\/strong><\/td>\n<\/tr>\n<tr>\n<td style=\"width: 131px;\">sy-dbsys<\/td>\n<td style=\"width: 471px;\">zentrales Datenbanksystem, zB Oracle, Informix etc.<\/td>\n<\/tr>\n<tr>\n<td style=\"width: 131px;\">sy-host<\/td>\n<td style=\"width: 471px;\">Name des Applikationsservers, zB sherl, ks001p etc.<\/td>\n<\/tr>\n<tr>\n<td style=\"width: 131px;\">sy-opsys<\/td>\n<td style=\"width: 471px;\">Betriebssystem des Applikationsservers, zB SOLARIS, HP-UX<\/td>\n<\/tr>\n<tr>\n<td style=\"width: 131px;\">sy-saprl<\/td>\n<td style=\"width: 471px;\">Releasestand des SAP-Systems, zB 46C, 731, 600 etc.<\/td>\n<\/tr>\n<tr>\n<td style=\"width: 131px;\">sy-sysid<\/td>\n<td style=\"width: 471px;\">Name des SAP-Systems, zB S01, K099, XR16 etc.<\/td>\n<\/tr>\n<\/tbody>\n<\/table>\n<p>&nbsp;<\/p>\n <a href=\"https:\/\/ways4.eu\/de\/blog\/2018\/04\/05\/deutsch-sap-abap-systemfelder-teil-1-informationen-uber-das-aktuelle-sap-system\/\" class=\"readmore\">Hier geht es weiter<\/a><\/div><hr style=\"margin:10px 0\"><\/div><\/div><div style=\"clear: both;\"><\/div><\/p>\n<div style='text-align:left' class='yasr-auto-insert-overall'><\/div><div style='text-align:left' class='yasr-auto-insert-visitor'><\/div>","protected":false},"excerpt":{"rendered":"","protected":false},"author":1,"featured_media":0,"parent":39,"menu_order":0,"comment_status":"open","ping_status":"open","template":"","meta":{"_oct_exclude_from_cache":false,"_mi_skip_tracking":false,"yasr_overall_rating":0,"yasr_post_is_review":"","yasr_auto_insert_disabled":"","yasr_review_type":""},"yoast_head":"<!-- This site is optimized with the Yoast SEO plugin v20.0 - https:\/\/yoast.com\/wordpress\/plugins\/seo\/ -->\n<title>SAP (die Software) - Streng vertraulich !<\/title>\n<meta name=\"robots\" content=\"index, follow, max-snippet:-1, max-image-preview:large, max-video-preview:-1\" \/>\n<link rel=\"canonical\" href=\"https:\/\/ways4.eu\/computers-and-it\/sap\/\" \/>\n<meta property=\"og:locale\" content=\"de_DE\" \/>\n<meta property=\"og:type\" content=\"article\" \/>\n<meta property=\"og:title\" content=\"SAP (die Software) - Streng vertraulich !\" \/>\n<meta property=\"og:url\" content=\"https:\/\/ways4.eu\/computers-and-it\/sap\/\" \/>\n<meta property=\"og:site_name\" content=\"Streng vertraulich !\" \/>\n<meta property=\"article:modified_time\" content=\"2023-02-08T15:37:55+00:00\" \/>\n<meta name=\"twitter:card\" content=\"summary_large_image\" \/>\n<meta name=\"twitter:site\" content=\"@sabhe011\" \/>\n<meta name=\"twitter:label1\" content=\"Gesch\u00e4tzte Lesezeit\" \/>\n\t<meta name=\"twitter:data1\" content=\"1\u00a0Minute\" \/>\n<script type=\"application\/ld+json\" class=\"yoast-schema-graph\">{\"@context\":\"https:\/\/schema.org\",\"@graph\":[{\"@type\":\"WebPage\",\"@id\":\"https:\/\/ways4.eu\/computers-and-it\/sap\/\",\"url\":\"https:\/\/ways4.eu\/computers-and-it\/sap\/\",\"name\":\"SAP (die Software) - Streng vertraulich !\",\"isPartOf\":{\"@id\":\"https:\/\/ways4.eu\/#website\"},\"datePublished\":\"2014-04-23T09:20:51+00:00\",\"dateModified\":\"2023-02-08T15:37:55+00:00\",\"breadcrumb\":{\"@id\":\"https:\/\/ways4.eu\/computers-and-it\/sap\/#breadcrumb\"},\"inLanguage\":\"de\",\"potentialAction\":[{\"@type\":\"ReadAction\",\"target\":[\"https:\/\/ways4.eu\/computers-and-it\/sap\/\"]}]},{\"@type\":\"BreadcrumbList\",\"@id\":\"https:\/\/ways4.eu\/computers-and-it\/sap\/#breadcrumb\",\"itemListElement\":[{\"@type\":\"ListItem\",\"position\":1,\"name\":\"Home\",\"item\":\"https:\/\/ways4.eu\/\"},{\"@type\":\"ListItem\",\"position\":2,\"name\":\"Computers and IT\",\"item\":\"https:\/\/ways4.eu\/computers-and-it\/\"},{\"@type\":\"ListItem\",\"position\":3,\"name\":\"SAP (the Software)\"}]},{\"@type\":\"WebSite\",\"@id\":\"https:\/\/ways4.eu\/#website\",\"url\":\"https:\/\/ways4.eu\/\",\"name\":\"Streng vertraulich !\",\"description\":\"Nicht weitersagen...\",\"publisher\":{\"@id\":\"https:\/\/ways4.eu\/#\/schema\/person\/00041dcd2cf535a70052cf591c2abd81\"},\"potentialAction\":[{\"@type\":\"SearchAction\",\"target\":{\"@type\":\"EntryPoint\",\"urlTemplate\":\"https:\/\/ways4.eu\/?s={search_term_string}\"},\"query-input\":\"required name=search_term_string\"}],\"inLanguage\":\"de\"},{\"@type\":[\"Person\",\"Organization\"],\"@id\":\"https:\/\/ways4.eu\/#\/schema\/person\/00041dcd2cf535a70052cf591c2abd81\",\"name\":\"pathfinder\",\"image\":{\"@type\":\"ImageObject\",\"inLanguage\":\"de\",\"@id\":\"https:\/\/ways4.eu\/#\/schema\/person\/image\/\",\"url\":\"https:\/\/i0.wp.com\/www.ways4.eu\/wp-content\/uploads\/2023\/01\/wp-1674746983690.jpg?fit=702%2C841&ssl=1\",\"contentUrl\":\"https:\/\/i0.wp.com\/www.ways4.eu\/wp-content\/uploads\/2023\/01\/wp-1674746983690.jpg?fit=702%2C841&ssl=1\",\"width\":702,\"height\":841,\"caption\":\"pathfinder\"},\"logo\":{\"@id\":\"https:\/\/ways4.eu\/#\/schema\/person\/image\/\"},\"sameAs\":[\"https:\/\/ways4.eu\",\"https:\/\/twitter.com\/sabhe011\"]}]}<\/script>\n<!-- \/ Yoast SEO plugin. -->","yoast_head_json":{"title":"SAP (die Software) - Streng vertraulich !","robots":{"index":"index","follow":"follow","max-snippet":"max-snippet:-1","max-image-preview":"max-image-preview:large","max-video-preview":"max-video-preview:-1"},"canonical":"https:\/\/ways4.eu\/computers-and-it\/sap\/","og_locale":"de_DE","og_type":"article","og_title":"SAP (die Software) - Streng vertraulich !","og_url":"https:\/\/ways4.eu\/computers-and-it\/sap\/","og_site_name":"Streng vertraulich !","article_modified_time":"2023-02-08T15:37:55+00:00","twitter_card":"summary_large_image","twitter_site":"@sabhe011","twitter_misc":{"Gesch\u00e4tzte Lesezeit":"1\u00a0Minute"},"schema":{"@context":"https:\/\/schema.org","@graph":[{"@type":"WebPage","@id":"https:\/\/ways4.eu\/computers-and-it\/sap\/","url":"https:\/\/ways4.eu\/computers-and-it\/sap\/","name":"SAP (die Software) - Streng vertraulich !","isPartOf":{"@id":"https:\/\/ways4.eu\/#website"},"datePublished":"2014-04-23T09:20:51+00:00","dateModified":"2023-02-08T15:37:55+00:00","breadcrumb":{"@id":"https:\/\/ways4.eu\/computers-and-it\/sap\/#breadcrumb"},"inLanguage":"de","potentialAction":[{"@type":"ReadAction","target":["https:\/\/ways4.eu\/computers-and-it\/sap\/"]}]},{"@type":"BreadcrumbList","@id":"https:\/\/ways4.eu\/computers-and-it\/sap\/#breadcrumb","itemListElement":[{"@type":"ListItem","position":1,"name":"Home","item":"https:\/\/ways4.eu\/"},{"@type":"ListItem","position":2,"name":"Computers and IT","item":"https:\/\/ways4.eu\/computers-and-it\/"},{"@type":"ListItem","position":3,"name":"SAP (the Software)"}]},{"@type":"WebSite","@id":"https:\/\/ways4.eu\/#website","url":"https:\/\/ways4.eu\/","name":"Streng vertraulich !","description":"Nicht weitersagen...","publisher":{"@id":"https:\/\/ways4.eu\/#\/schema\/person\/00041dcd2cf535a70052cf591c2abd81"},"potentialAction":[{"@type":"SearchAction","target":{"@type":"EntryPoint","urlTemplate":"https:\/\/ways4.eu\/?s={search_term_string}"},"query-input":"required name=search_term_string"}],"inLanguage":"de"},{"@type":["Person","Organization"],"@id":"https:\/\/ways4.eu\/#\/schema\/person\/00041dcd2cf535a70052cf591c2abd81","name":"pathfinder","image":{"@type":"ImageObject","inLanguage":"de","@id":"https:\/\/ways4.eu\/#\/schema\/person\/image\/","url":"https:\/\/i0.wp.com\/www.ways4.eu\/wp-content\/uploads\/2023\/01\/wp-1674746983690.jpg?fit=702%2C841&ssl=1","contentUrl":"https:\/\/i0.wp.com\/www.ways4.eu\/wp-content\/uploads\/2023\/01\/wp-1674746983690.jpg?fit=702%2C841&ssl=1","width":702,"height":841,"caption":"pathfinder"},"logo":{"@id":"https:\/\/ways4.eu\/#\/schema\/person\/image\/"},"sameAs":["https:\/\/ways4.eu","https:\/\/twitter.com\/sabhe011"]}]}},"yasr_visitor_votes":{"number_of_votes":0,"sum_votes":0,"stars_attributes":{"read_only":false,"span_bottom":false}},"_links":{"self":[{"href":"https:\/\/ways4.eu\/de\/wp-json\/wp\/v2\/pages\/177"}],"collection":[{"href":"https:\/\/ways4.eu\/de\/wp-json\/wp\/v2\/pages"}],"about":[{"href":"https:\/\/ways4.eu\/de\/wp-json\/wp\/v2\/types\/page"}],"author":[{"embeddable":true,"href":"https:\/\/ways4.eu\/de\/wp-json\/wp\/v2\/users\/1"}],"replies":[{"embeddable":true,"href":"https:\/\/ways4.eu\/de\/wp-json\/wp\/v2\/comments?post=177"}],"version-history":[{"count":7,"href":"https:\/\/ways4.eu\/de\/wp-json\/wp\/v2\/pages\/177\/revisions"}],"predecessor-version":[{"id":2963,"href":"https:\/\/ways4.eu\/de\/wp-json\/wp\/v2\/pages\/177\/revisions\/2963"}],"up":[{"embeddable":true,"href":"https:\/\/ways4.eu\/de\/wp-json\/wp\/v2\/pages\/39"}],"wp:attachment":[{"href":"https:\/\/ways4.eu\/de\/wp-json\/wp\/v2\/media?parent=177"}],"curies":[{"name":"wp","href":"https:\/\/api.w.org\/{rel}","templated":true}]}}