{"id":183,"date":"2014-04-24T21:34:51","date_gmt":"2014-04-24T19:34:51","guid":{"rendered":"https:\/\/ways4.eu\/?page_id=183"},"modified":"2019-04-13T00:09:12","modified_gmt":"2019-04-12T22:09:12","slug":"travel","status":"publish","type":"page","link":"https:\/\/ways4.eu\/de\/travel\/","title":{"rendered":"Reisen"},"content":{"rendered":"<p><div class=\"add_posts\"><a class=\"post-thumb alignleft\" style=\"float:left; margin-right:15px; clear:both;\" href=\"https:\/\/ways4.eu\/de\/blog\/2023\/02\/05\/a-singaporean-tiktok-star-takes-a-virtual-trip-down-memory-lane\/ \"><img width=\"64\" height=\"64\" src=\"https:\/\/ways4.eu\/wp-content\/uploads\/2023\/02\/wp-1675603559371-150x150.jpg\" class=\"attachment-64x64 size-64x64 wp-post-image\" alt=\"Singapore Marina Bay Sands\" decoding=\"async\" loading=\"lazy\" \/><\/a><div class=\"add_posts_content\" style=\"clear:both;\"><div id=\"ez-toc-container\" class=\"ez-toc-v2_0_44_2 counter-hierarchy ez-toc-counter ez-toc-grey ez-toc-container-direction\">\n<div class=\"ez-toc-title-container\">\n<p class=\"ez-toc-title\">Table of Contents<\/p>\n<span class=\"ez-toc-title-toggle\"><a href=\"#\" class=\"ez-toc-pull-right ez-toc-btn ez-toc-btn-xs ez-toc-btn-default ez-toc-toggle\" area-label=\"ez-toc-toggle-icon-1\"><label for=\"item-69f157b27f2a9\" aria-label=\"Table of Content\"><span style=\"display: flex;align-items: center;width: 35px;height: 30px;justify-content: center;direction:ltr;\"><svg style=\"fill: #999;color:#999\" xmlns=\"http:\/\/www.w3.org\/2000\/svg\" class=\"list-377408\" width=\"20px\" height=\"20px\" viewBox=\"0 0 24 24\" fill=\"none\"><path d=\"M6 6H4v2h2V6zm14 0H8v2h12V6zM4 11h2v2H4v-2zm16 0H8v2h12v-2zM4 16h2v2H4v-2zm16 0H8v2h12v-2z\" fill=\"currentColor\"><\/path><\/svg><svg style=\"fill: #999;color:#999\" class=\"arrow-unsorted-368013\" xmlns=\"http:\/\/www.w3.org\/2000\/svg\" width=\"10px\" height=\"10px\" viewBox=\"0 0 24 24\" version=\"1.2\" baseProfile=\"tiny\"><path d=\"M18.2 9.3l-6.2-6.3-6.2 6.3c-.2.2-.3.4-.3.7s.1.5.3.7c.2.2.4.3.7.3h11c.3 0 .5-.1.7-.3.2-.2.3-.5.3-.7s-.1-.5-.3-.7zM5.8 14.7l6.2 6.3 6.2-6.3c.2-.2.3-.5.3-.7s-.1-.5-.3-.7c-.2-.2-.4-.3-.7-.3h-11c-.3 0-.5.1-.7.3-.2.2-.3.5-.3.7s.1.5.3.7z\"\/><\/svg><\/span><\/label><input  type=\"checkbox\" id=\"item-69f157b27f2a9\"><\/a><\/span><\/div>\n<nav><ul class='ez-toc-list ez-toc-list-level-1 ' ><li class='ez-toc-page-1 ez-toc-heading-level-2'><a class=\"ez-toc-link ez-toc-heading-1\" href=\"https:\/\/ways4.eu\/de\/travel\/#Singapur_ein_TikTok-Star_unternimmt_eine_virtuelle_Reise_in_die_Vergangenheit\" title=\"Singapur: ein TikTok-Star unternimmt eine virtuelle Reise in die Vergangenheit\">Singapur: ein TikTok-Star unternimmt eine virtuelle Reise in die Vergangenheit<\/a><\/li><li class='ez-toc-page-1 ez-toc-heading-level-2'><a class=\"ez-toc-link ez-toc-heading-2\" href=\"https:\/\/ways4.eu\/de\/travel\/#Erkunden_Sie_die_fantastischen_Trails_im_Herzen_des_noerdlichen_Schwarzwalds\" title=\"Erkunden Sie die fantastischen Trails im Herzen des n\u00f6rdlichen Schwarzwalds\">Erkunden Sie die fantastischen Trails im Herzen des n\u00f6rdlichen Schwarzwalds<\/a><\/li><li class='ez-toc-page-1 ez-toc-heading-level-2'><a class=\"ez-toc-link ez-toc-heading-3\" href=\"https:\/\/ways4.eu\/de\/travel\/#Reise-Tipp_Baden-BadenDeutschland\" title=\"Reise-Tipp: Baden-Baden\/Deutschland\">Reise-Tipp: Baden-Baden\/Deutschland<\/a><\/li><li class='ez-toc-page-1 ez-toc-heading-level-2'><a class=\"ez-toc-link ez-toc-heading-4\" href=\"https:\/\/ways4.eu\/de\/travel\/#Wie_Bewertungsportale_ausgetrickst_werden_koennen_%F0%9F%99%82\" title=\"Wie Bewertungsportale ausgetrickst werden k\u00f6nnen \ud83d\ude42\">Wie Bewertungsportale ausgetrickst werden k\u00f6nnen \ud83d\ude42<\/a><\/li><li class='ez-toc-page-1 ez-toc-heading-level-2'><a class=\"ez-toc-link ez-toc-heading-5\" href=\"https:\/\/ways4.eu\/de\/travel\/#Warum_ua_Italiener_so_schnell_reden%E2%80%A6\" title=\"Warum (u.a.) Italiener so schnell reden&#8230;\">Warum (u.a.) Italiener so schnell reden&#8230;<\/a><\/li><\/ul><\/nav><\/div>\n<h2 class=\"title\" style=\"clear: none;\"><span class=\"ez-toc-section\" id=\"Singapur_ein_TikTok-Star_unternimmt_eine_virtuelle_Reise_in_die_Vergangenheit\"><\/span><a href=\"https:\/\/ways4.eu\/de\/blog\/2023\/02\/05\/a-singaporean-tiktok-star-takes-a-virtual-trip-down-memory-lane\/\">Singapur: ein TikTok-Star unternimmt eine virtuelle Reise in die Vergangenheit<\/a><span class=\"ez-toc-section-end\"><\/span><\/h2><div class=\"post-content\" style=\"clear:both\";><h3><span class=\"\">Ein <\/span><a href=\"https:\/\/www.tiktok.com\/@retroridersg\/video\/7193211760843705601?refer=embed\" target=\"_blank\" rel=\"nofollow noopener\"><span class=\"\">TikTok-<\/span><\/a><span class=\"\"> Star aus Singapur unternimmt eine virtuelle Reise in die Vergangenheit<\/span><\/h3>\n<p>Sie werden es nicht glauben, was dieser Typ aus <a href=\"https:\/\/ways4.eu\/blog\/2014\/04\/24\/travel-singapore\/\" target=\"_blank\" rel=\"noopener\">Singapur<\/a> auf <a href=\"https:\/\/www.google.com\/maps\/@1.3712327,103.8932718,3a,75y,31.89h,60.31t\/data=!3m7!1e1!3m5!1sZkY9jqlWorFwDDf3deOVMA!2e0!5s20090201T000000!7i13312!8i6656\" target=\"_blank\" rel=\"nofollow noopener\">Google Maps gefunden hat! <\/a>Er stolperte \u00fcber ein altes Foto seiner Gro\u00dfmutter und jedes Mal, wenn er ein bisschen traurig ist, macht er einfach einen kurzen virtuellen Besuch, um sie zu sehen. Und soviel sei gesagt, diese <a href=\"https:\/\/www.google.com\/maps\/@1.3712327,103.8932718,3a,75y,31.89h,60.31t\/data=!3m7!1e1!3m5!1sZkY9jqlWorFwDDf3deOVMA!2e0!5s20090201T000000!7i13312!8i6656\" target=\"_blank\" rel=\"nofollow noopener\">Frau<\/a> war ein echter Stra\u00dfen\u00fcberquerungs-Profi !<\/p>\n <a href=\"https:\/\/ways4.eu\/de\/blog\/2023\/02\/05\/a-singaporean-tiktok-star-takes-a-virtual-trip-down-memory-lane\/\" class=\"readmore\">Hier geht es weiter<\/a><\/div><hr style=\"margin:10px 0\"><\/div><a class=\"post-thumb alignleft\" style=\"float:left; margin-right:15px; clear:both;\" href=\"https:\/\/ways4.eu\/de\/blog\/2023\/01\/21\/hit-the-trails-in-the-heart-of-germanys-northern-black-forest\/ \"><img width=\"64\" height=\"64\" src=\"https:\/\/ways4.eu\/wp-content\/uploads\/2023\/01\/wp-16742158734807729899382884468231-150x150.jpg\" class=\"attachment-64x64 size-64x64 wp-post-image\" alt=\"black forest\" decoding=\"async\" loading=\"lazy\" \/><\/a><div class=\"add_posts_content\" style=\"clear:both;\"><h2 class=\"title\" style=\"clear: none;\"><span class=\"ez-toc-section\" id=\"Erkunden_Sie_die_fantastischen_Trails_im_Herzen_des_noerdlichen_Schwarzwalds\"><\/span><a href=\"https:\/\/ways4.eu\/de\/blog\/2023\/01\/21\/hit-the-trails-in-the-heart-of-germanys-northern-black-forest\/\">Erkunden Sie die fantastischen Trails im Herzen des n\u00f6rdlichen Schwarzwalds<\/a><span class=\"ez-toc-section-end\"><\/span><\/h2><div class=\"post-content\" style=\"clear:both\";><p>Wenn Sie auf der Suche nach einem Outdoor-Naturabenteuer sind, ist der deutsche Schwarzwald definitiv ein Ort, den Sie sich ansehen sollten. Der Wald ist voll von gewundenen Pfaden, malerischen Aussichten und bezaubernden Wildtieren. Au\u00dferdem sind die gro\u00dfen St\u00e4dte leicht zu erreichen, sodass Sie alles erkunden k\u00f6nnen, ohne jemals den Komfort Ihres Zuhauses verlassen zu m\u00fcssen.<\/p>\n<p>\n <a href=\"https:\/\/ways4.eu\/de\/blog\/2023\/01\/21\/hit-the-trails-in-the-heart-of-germanys-northern-black-forest\/\" class=\"readmore\">Hier geht es weiter<\/a><\/div><hr style=\"margin:10px 0\"><\/div><a class=\"post-thumb alignleft\" style=\"float:left; margin-right:15px; clear:both;\" href=\"https:\/\/ways4.eu\/de\/blog\/2023\/01\/20\/explore-baden-badens-parks-wine-casinos-for-a-fun-relaxing-summer-vacation\/ \"><img width=\"64\" height=\"64\" src=\"https:\/\/ways4.eu\/wp-content\/uploads\/2023\/02\/wp-1675420108613-150x150.jpg\" class=\"attachment-64x64 size-64x64 wp-post-image\" alt=\"Baden-Baden Old Town Goldenes Kreuz Nightshot taken on 2023-02-02\" decoding=\"async\" loading=\"lazy\" \/><\/a><div class=\"add_posts_content\" style=\"clear:both;\"><h2 class=\"title\" style=\"clear: none;\"><span class=\"ez-toc-section\" id=\"Reise-Tipp_Baden-BadenDeutschland\"><\/span><a href=\"https:\/\/ways4.eu\/de\/blog\/2023\/01\/20\/explore-baden-badens-parks-wine-casinos-for-a-fun-relaxing-summer-vacation\/\">Reise-Tipp: Baden-Baden\/Deutschland<\/a><span class=\"ez-toc-section-end\"><\/span><\/h2><div class=\"post-content\" style=\"clear:both\";><p><span class=\"\">Wenn Sie einen Sommerurlaub suchen, der sowohl Spa\u00df als auch Entspannung bietet, ist Baden-Baden das perfekte Ziel! <\/span>Hier sind sechs Dinge, die Sie in Baden-Baden tun k\u00f6nnen, um Ihren Aufenthalt zum Erlebnis zu machen!<\/p>\n<p>\n <a href=\"https:\/\/ways4.eu\/de\/blog\/2023\/01\/20\/explore-baden-badens-parks-wine-casinos-for-a-fun-relaxing-summer-vacation\/\" class=\"readmore\">Hier geht es weiter<\/a><\/div><hr style=\"margin:10px 0\"><\/div><a class=\"post-thumb alignleft\" style=\"float:left; margin-right:15px; clear:both;\" href=\"https:\/\/ways4.eu\/de\/blog\/2019\/10\/31\/howto-trick-rating-platforms\/ \"><\/a><div class=\"add_posts_content\" style=\"clear:both;\"><h2 class=\"title\" style=\"clear: none;\"><span class=\"ez-toc-section\" id=\"Wie_Bewertungsportale_ausgetrickst_werden_koennen_%F0%9F%99%82\"><\/span><a href=\"https:\/\/ways4.eu\/de\/blog\/2019\/10\/31\/howto-trick-rating-platforms\/\">Wie Bewertungsportale ausgetrickst werden k\u00f6nnen \ud83d\ude42<\/a><span class=\"ez-toc-section-end\"><\/span><\/h2><div class=\"post-content\" style=\"clear:both\";><section id=\"textblock_143510\" class=\"textblock container\">\n<div class=\"row\">\n<div class=\"col-sm-10 col-sm-offset-1 col-md-7\">\n<h3>- Bestes Restaurant in London -<\/h3>\n<p>Auf <strong>Tripadvisor<\/strong> avancierte die Gartenlaube eines Reporters des \u00bbVice\u00ab-Magazins zum besten Restaurant Londons. Oobah Butler, so der Name des Reporters, hatte es von langer Hand geplant. Die Zutaten: eine Website, ein Logo und Exklusivit\u00e4t (keine Adresse, Tische nur nach Vereinbarung). Butler lud weich gezeichnete Fotos seiner Gerichte hoch, die er \u201eBesinnlichkeit\u201c, \u201eBegierde\u201c und \u201eLiebe\u201c nannte. In Wirklichkeit bestanden diese aus Rasierschaum, eingef\u00e4rbten Toilettensteinen und Sp\u00fclschw\u00e4mmen. Bestellte 5-Sterne-Bewertungen seiner Freunde sorgten daf\u00fcr, dass \u201eThe Shed at Dulwich\u201c im Tripadvisor-Ranking immer weiter aufstieg. Nach wenigen Wochen war Butlers Gartenlaube unter den besten 10 000 Restaurants der Stadt, nach drei Monaten auf Platz 156. Nach sechs Monaten war die Laube vom letzten (18 149) auf den ersten Platz geklettert \u2013 obwohl ein Restaurant bis dato gar nicht existierte und nie ein Gericht serviert hatte. \u201e<strong>Wenn ich meinen Garten in das beste Restaurant Londons verwandeln kann, dann ist so gut wie alles m\u00f6glich<\/strong>\u201c, befand Butler.<\/p>\n<h3>- Schlechtestes Restaurant auf YELP -<\/h3>\n<\/div>\n<\/div>\n<\/section>\n<section id=\"textblock_143511\" class=\"textblock container\">\n<div class=\"row\">\n<div class=\"col-sm-10 col-sm-offset-1 col-md-7\">\n<p>Davide Cerretini, Eigent\u00fcmer des italienischen Restaurants \u201eBotto Bistro\u201c in Richmond, Kalifornien, ging den umgekehrten Weg. Er wollte das Restaurant mit der schlechtesten Bewertung auf <strong>Yelp<\/strong> werden. Etwa 250 US-Dollar hatte Cerretini pro Monat f\u00fcr Werbung auf dem Portal ausgegeben, bis er merkte, dass das nicht viel brachte. Als er keine Anzeigen mehr buchte, seien 5-Sterne-Bewertungen verschwunden, 1-Stern-Bewertungen h\u00e4tten zugenommen, so erinnerte er sich sp\u00e4ter. Er f\u00fchlte sich schikaniert und fragte sich: Was passiert eigentlich, wenn ich die Macht des Portals einfach umkehre? Er gab jedem Gast, der sein Restaurant mit nur einem Stern bewertete, bis zu 50 Prozent Rabatt auf eine Pizza. Mehr als 3000 1-Stern-Bewertungen kamen so zusammen. Die Idee ging auf: Das Bistro wurde zum schlechtesten Restaurant auf Yelp \u2013 und zum viralen Hit. Cerretini sagte: \u201e<strong>Es braucht gro\u00dfe K\u00f6che, gro\u00dfes Talent und gro\u00dfe Erfahrung, um einen Michelin-Stern zu bekommen, aber um eine 1-Stern-Bewertung bei Yelp zu bekommen, braucht es viel mehr.<\/strong>\u201c<\/p>\n<\/div>\n<\/div>\n<\/section>\n <a href=\"https:\/\/ways4.eu\/de\/blog\/2019\/10\/31\/howto-trick-rating-platforms\/\" class=\"readmore\">Hier geht es weiter<\/a><\/div><hr style=\"margin:10px 0\"><\/div><a class=\"post-thumb alignleft\" style=\"float:left; margin-right:15px; clear:both;\" href=\"https:\/\/ways4.eu\/de\/blog\/2019\/09\/10\/why-among-others-italians-talk-so-fast\/ \"><\/a><div class=\"add_posts_content\" style=\"clear:both;\"><h2 class=\"title\" style=\"clear: none;\"><a href=\"https:\/\/ways4.eu\/de\/blog\/2019\/09\/10\/why-among-others-italians-talk-so-fast\/\">Warum (u.a.) Italiener so schnell reden...<\/a><\/h2><div class=\"post-content\" style=\"clear:both\";><p>Forscher haben mal wieder geforscht, und dabei kamen interessante Erkenntnisse zum Sprechtempo der verschiedenen Sprachen zutage. Den Bericht gibt es <a href=\"https:\/\/science.orf.at\/stories\/2990926\/\" target=\"_blank\" rel=\"noopener noreferrer\">hier<\/a> zu lesen.<\/p>\n <a href=\"https:\/\/ways4.eu\/de\/blog\/2019\/09\/10\/why-among-others-italians-talk-so-fast\/\" class=\"readmore\">Hier geht es weiter<\/a><\/div><hr style=\"margin:10px 0\"><\/div><\/div><div style=\"clear: both;\"><\/div><\/p>\n<div style='text-align:left' class='yasr-auto-insert-overall'><\/div><div style='text-align:left' class='yasr-auto-insert-visitor'><\/div>","protected":false},"excerpt":{"rendered":"","protected":false},"author":1,"featured_media":0,"parent":0,"menu_order":0,"comment_status":"open","ping_status":"open","template":"","meta":{"_oct_exclude_from_cache":false,"_mi_skip_tracking":false,"yasr_overall_rating":0,"yasr_post_is_review":"","yasr_auto_insert_disabled":"","yasr_review_type":"Product"},"yoast_head":"<!-- This site is optimized with the Yoast SEO plugin v20.0 - https:\/\/yoast.com\/wordpress\/plugins\/seo\/ -->\n<title>Reisen - Streng vertraulich !<\/title>\n<meta name=\"robots\" content=\"index, follow, max-snippet:-1, max-image-preview:large, max-video-preview:-1\" \/>\n<link rel=\"canonical\" href=\"https:\/\/ways4.eu\/de\/travel\/\" \/>\n<meta property=\"og:locale\" content=\"de_DE\" \/>\n<meta property=\"og:type\" content=\"article\" \/>\n<meta property=\"og:title\" content=\"Reisen - Streng vertraulich !\" \/>\n<meta property=\"og:url\" content=\"https:\/\/ways4.eu\/de\/travel\/\" \/>\n<meta property=\"og:site_name\" content=\"Streng vertraulich !\" \/>\n<meta property=\"article:modified_time\" content=\"2019-04-12T22:09:12+00:00\" \/>\n<meta name=\"twitter:card\" content=\"summary_large_image\" \/>\n<meta name=\"twitter:site\" content=\"@sabhe011\" \/>\n<script type=\"application\/ld+json\" class=\"yoast-schema-graph\">{\"@context\":\"https:\/\/schema.org\",\"@graph\":[{\"@type\":\"WebPage\",\"@id\":\"https:\/\/ways4.eu\/de\/travel\/\",\"url\":\"https:\/\/ways4.eu\/de\/travel\/\",\"name\":\"Reisen - Streng vertraulich !\",\"isPartOf\":{\"@id\":\"https:\/\/ways4.eu\/#website\"},\"datePublished\":\"2014-04-24T19:34:51+00:00\",\"dateModified\":\"2019-04-12T22:09:12+00:00\",\"breadcrumb\":{\"@id\":\"https:\/\/ways4.eu\/de\/travel\/#breadcrumb\"},\"inLanguage\":\"de\",\"potentialAction\":[{\"@type\":\"ReadAction\",\"target\":[\"https:\/\/ways4.eu\/de\/travel\/\"]}]},{\"@type\":\"BreadcrumbList\",\"@id\":\"https:\/\/ways4.eu\/de\/travel\/#breadcrumb\",\"itemListElement\":[{\"@type\":\"ListItem\",\"position\":1,\"name\":\"Home\",\"item\":\"https:\/\/ways4.eu\/\"},{\"@type\":\"ListItem\",\"position\":2,\"name\":\"Reisen\"}]},{\"@type\":\"WebSite\",\"@id\":\"https:\/\/ways4.eu\/#website\",\"url\":\"https:\/\/ways4.eu\/\",\"name\":\"Streng vertraulich !\",\"description\":\"Nicht weitersagen...\",\"publisher\":{\"@id\":\"https:\/\/ways4.eu\/#\/schema\/person\/00041dcd2cf535a70052cf591c2abd81\"},\"potentialAction\":[{\"@type\":\"SearchAction\",\"target\":{\"@type\":\"EntryPoint\",\"urlTemplate\":\"https:\/\/ways4.eu\/?s={search_term_string}\"},\"query-input\":\"required name=search_term_string\"}],\"inLanguage\":\"de\"},{\"@type\":[\"Person\",\"Organization\"],\"@id\":\"https:\/\/ways4.eu\/#\/schema\/person\/00041dcd2cf535a70052cf591c2abd81\",\"name\":\"pathfinder\",\"image\":{\"@type\":\"ImageObject\",\"inLanguage\":\"de\",\"@id\":\"https:\/\/ways4.eu\/#\/schema\/person\/image\/\",\"url\":\"https:\/\/i0.wp.com\/www.ways4.eu\/wp-content\/uploads\/2023\/01\/wp-1674746983690.jpg?fit=702%2C841&ssl=1\",\"contentUrl\":\"https:\/\/i0.wp.com\/www.ways4.eu\/wp-content\/uploads\/2023\/01\/wp-1674746983690.jpg?fit=702%2C841&ssl=1\",\"width\":702,\"height\":841,\"caption\":\"pathfinder\"},\"logo\":{\"@id\":\"https:\/\/ways4.eu\/#\/schema\/person\/image\/\"},\"sameAs\":[\"https:\/\/ways4.eu\",\"https:\/\/twitter.com\/sabhe011\"]}]}<\/script>\n<!-- \/ Yoast SEO plugin. -->","yoast_head_json":{"title":"Reisen - Streng vertraulich !","robots":{"index":"index","follow":"follow","max-snippet":"max-snippet:-1","max-image-preview":"max-image-preview:large","max-video-preview":"max-video-preview:-1"},"canonical":"https:\/\/ways4.eu\/de\/travel\/","og_locale":"de_DE","og_type":"article","og_title":"Reisen - Streng vertraulich !","og_url":"https:\/\/ways4.eu\/de\/travel\/","og_site_name":"Streng vertraulich !","article_modified_time":"2019-04-12T22:09:12+00:00","twitter_card":"summary_large_image","twitter_site":"@sabhe011","schema":{"@context":"https:\/\/schema.org","@graph":[{"@type":"WebPage","@id":"https:\/\/ways4.eu\/de\/travel\/","url":"https:\/\/ways4.eu\/de\/travel\/","name":"Reisen - Streng vertraulich !","isPartOf":{"@id":"https:\/\/ways4.eu\/#website"},"datePublished":"2014-04-24T19:34:51+00:00","dateModified":"2019-04-12T22:09:12+00:00","breadcrumb":{"@id":"https:\/\/ways4.eu\/de\/travel\/#breadcrumb"},"inLanguage":"de","potentialAction":[{"@type":"ReadAction","target":["https:\/\/ways4.eu\/de\/travel\/"]}]},{"@type":"BreadcrumbList","@id":"https:\/\/ways4.eu\/de\/travel\/#breadcrumb","itemListElement":[{"@type":"ListItem","position":1,"name":"Home","item":"https:\/\/ways4.eu\/"},{"@type":"ListItem","position":2,"name":"Reisen"}]},{"@type":"WebSite","@id":"https:\/\/ways4.eu\/#website","url":"https:\/\/ways4.eu\/","name":"Streng vertraulich !","description":"Nicht weitersagen...","publisher":{"@id":"https:\/\/ways4.eu\/#\/schema\/person\/00041dcd2cf535a70052cf591c2abd81"},"potentialAction":[{"@type":"SearchAction","target":{"@type":"EntryPoint","urlTemplate":"https:\/\/ways4.eu\/?s={search_term_string}"},"query-input":"required name=search_term_string"}],"inLanguage":"de"},{"@type":["Person","Organization"],"@id":"https:\/\/ways4.eu\/#\/schema\/person\/00041dcd2cf535a70052cf591c2abd81","name":"pathfinder","image":{"@type":"ImageObject","inLanguage":"de","@id":"https:\/\/ways4.eu\/#\/schema\/person\/image\/","url":"https:\/\/i0.wp.com\/www.ways4.eu\/wp-content\/uploads\/2023\/01\/wp-1674746983690.jpg?fit=702%2C841&ssl=1","contentUrl":"https:\/\/i0.wp.com\/www.ways4.eu\/wp-content\/uploads\/2023\/01\/wp-1674746983690.jpg?fit=702%2C841&ssl=1","width":702,"height":841,"caption":"pathfinder"},"logo":{"@id":"https:\/\/ways4.eu\/#\/schema\/person\/image\/"},"sameAs":["https:\/\/ways4.eu","https:\/\/twitter.com\/sabhe011"]}]}},"yasr_visitor_votes":{"number_of_votes":0,"sum_votes":0,"stars_attributes":{"read_only":false,"span_bottom":false}},"_links":{"self":[{"href":"https:\/\/ways4.eu\/de\/wp-json\/wp\/v2\/pages\/183"}],"collection":[{"href":"https:\/\/ways4.eu\/de\/wp-json\/wp\/v2\/pages"}],"about":[{"href":"https:\/\/ways4.eu\/de\/wp-json\/wp\/v2\/types\/page"}],"author":[{"embeddable":true,"href":"https:\/\/ways4.eu\/de\/wp-json\/wp\/v2\/users\/1"}],"replies":[{"embeddable":true,"href":"https:\/\/ways4.eu\/de\/wp-json\/wp\/v2\/comments?post=183"}],"version-history":[{"count":5,"href":"https:\/\/ways4.eu\/de\/wp-json\/wp\/v2\/pages\/183\/revisions"}],"predecessor-version":[{"id":537,"href":"https:\/\/ways4.eu\/de\/wp-json\/wp\/v2\/pages\/183\/revisions\/537"}],"wp:attachment":[{"href":"https:\/\/ways4.eu\/de\/wp-json\/wp\/v2\/media?parent=183"}],"curies":[{"name":"wp","href":"https:\/\/api.w.org\/{rel}","templated":true}]}}