{"id":2586,"date":"2023-01-20T14:26:58","date_gmt":"2023-01-20T12:26:58","guid":{"rendered":"https:\/\/ways4.eu\/?page_id=2586"},"modified":"2023-02-03T10:09:40","modified_gmt":"2023-02-03T08:09:40","slug":"hike-and-bike","status":"publish","type":"page","link":"https:\/\/ways4.eu\/de\/travel\/hike-and-bike\/","title":{"rendered":"Wandern und Radfahren"},"content":{"rendered":"<p><div class=\"add_posts\"><a class=\"post-thumb alignleft\" style=\"float:left; margin-right:15px; clear:both;\" href=\"https:\/\/ways4.eu\/de\/blog\/2023\/01\/21\/hit-the-trails-in-the-heart-of-germanys-northern-black-forest\/ \"><img width=\"64\" height=\"64\" src=\"https:\/\/ways4.eu\/wp-content\/uploads\/2023\/01\/wp-16742158734807729899382884468231-150x150.jpg\" class=\"attachment-64x64 size-64x64 wp-post-image\" alt=\"black forest\" decoding=\"async\" loading=\"lazy\" \/><\/a><div class=\"add_posts_content\" style=\"clear:both;\"><h2 class=\"title\" style=\"clear: none;\"><a href=\"https:\/\/ways4.eu\/de\/blog\/2023\/01\/21\/hit-the-trails-in-the-heart-of-germanys-northern-black-forest\/\">Erkunden Sie die fantastischen Trails im Herzen des n\u00f6rdlichen Schwarzwalds<\/a><\/h2><div class=\"post-content\" style=\"clear:both\";><p>Wenn Sie auf der Suche nach einem Outdoor-Naturabenteuer sind, ist der deutsche Schwarzwald definitiv ein Ort, den Sie sich ansehen sollten. Der Wald ist voll von gewundenen Pfaden, malerischen Aussichten und bezaubernden Wildtieren. Au\u00dferdem sind die gro\u00dfen St\u00e4dte leicht zu erreichen, sodass Sie alles erkunden k\u00f6nnen, ohne jemals den Komfort Ihres Zuhauses verlassen zu m\u00fcssen.<\/p>\n<p>\n <a href=\"https:\/\/ways4.eu\/de\/blog\/2023\/01\/21\/hit-the-trails-in-the-heart-of-germanys-northern-black-forest\/\" class=\"readmore\">Hier weiterlesen<\/a><\/div><hr style=\"margin:10px 0\"><\/div><a class=\"post-thumb alignleft\" style=\"float:left; margin-right:15px; clear:both;\" href=\"https:\/\/ways4.eu\/de\/blog\/2023\/01\/20\/explore-baden-badens-parks-wine-casinos-for-a-fun-relaxing-summer-vacation\/ \"><img width=\"64\" height=\"64\" src=\"https:\/\/ways4.eu\/wp-content\/uploads\/2023\/02\/wp-1675420108613-150x150.jpg\" class=\"attachment-64x64 size-64x64 wp-post-image\" alt=\"Baden-Baden Old Town Goldenes Kreuz Nightshot taken on 2023-02-02\" decoding=\"async\" loading=\"lazy\" \/><\/a><div class=\"add_posts_content\" style=\"clear:both;\"><h2 class=\"title\" style=\"clear: none;\"><a href=\"https:\/\/ways4.eu\/de\/blog\/2023\/01\/20\/explore-baden-badens-parks-wine-casinos-for-a-fun-relaxing-summer-vacation\/\">Reise-Tipp: Baden-Baden\/Deutschland<\/a><\/h2><div class=\"post-content\" style=\"clear:both\";><p><span class=\"\">Wenn Sie einen Sommerurlaub suchen, der sowohl Spa\u00df als auch Entspannung bietet, ist Baden-Baden das perfekte Ziel! <\/span>Hier sind sechs Dinge, die Sie in Baden-Baden tun k\u00f6nnen, um Ihren Aufenthalt zum Erlebnis zu machen!<\/p>\n<p>\n <a href=\"https:\/\/ways4.eu\/de\/blog\/2023\/01\/20\/explore-baden-badens-parks-wine-casinos-for-a-fun-relaxing-summer-vacation\/\" class=\"readmore\">Hier weiterlesen<\/a><\/div><hr style=\"margin:10px 0\"><\/div><\/div><div style=\"clear: both;\"><\/div><\/p>\n<div style='text-align:left' class='yasr-auto-insert-overall'><\/div><div style='text-align:left' class='yasr-auto-insert-visitor'><\/div>","protected":false},"excerpt":{"rendered":"","protected":false},"author":1,"featured_media":0,"parent":183,"menu_order":0,"comment_status":"closed","ping_status":"closed","template":"","meta":{"_oct_exclude_from_cache":false,"_mi_skip_tracking":false,"yasr_overall_rating":0,"yasr_post_is_review":"","yasr_auto_insert_disabled":"","yasr_review_type":"BlogPosting"},"yoast_head":"<!-- This site is optimized with the Yoast SEO plugin v20.0 - https:\/\/yoast.com\/wordpress\/plugins\/seo\/ -->\n<title>(English) Wandern und Radfahren<\/title>\n<meta name=\"description\" content=\"(English) Hike and bike\" \/>\n<meta name=\"robots\" content=\"index, follow, max-snippet:-1, max-image-preview:large, max-video-preview:-1\" \/>\n<link rel=\"canonical\" href=\"https:\/\/ways4.eu\/travel\/hike-and-bike\/\" \/>\n<meta property=\"og:locale\" content=\"de_DE\" \/>\n<meta property=\"og:type\" content=\"article\" \/>\n<meta property=\"og:title\" content=\"[:en]Wandern und Radfahren[:zh]Wandern und Radfahren [:]\" \/>\n<meta property=\"og:url\" content=\"https:\/\/ways4.eu\/travel\/hike-and-bike\/\" \/>\n<meta property=\"og:site_name\" content=\"Streng vertraulich !\" \/>\n<meta property=\"article:modified_time\" content=\"2023-02-03T08:09:40+00:00\" \/>\n<meta name=\"twitter:card\" content=\"summary_large_image\" \/>\n<meta name=\"twitter:site\" content=\"@sabhe011\" \/>\n<meta name=\"twitter:label1\" content=\"Gesch\u00e4tzte Lesezeit\" \/>\n\t<meta name=\"twitter:data1\" content=\"1\u00a0Minute\" \/>\n<script type=\"application\/ld+json\" class=\"yoast-schema-graph\">{\"@context\":\"https:\/\/schema.org\",\"@graph\":[{\"@type\":\"WebPage\",\"@id\":\"https:\/\/ways4.eu\/travel\/hike-and-bike\/\",\"url\":\"https:\/\/ways4.eu\/travel\/hike-and-bike\/\",\"name\":\"[:en]Wandern und Radfahren[:zh]Wandern und Radfahren [:]\",\"isPartOf\":{\"@id\":\"https:\/\/ways4.eu\/#website\"},\"datePublished\":\"2023-01-20T12:26:58+00:00\",\"dateModified\":\"2023-02-03T08:09:40+00:00\",\"description\":\"{:en}Hike and bike{:}\",\"breadcrumb\":{\"@id\":\"https:\/\/ways4.eu\/travel\/hike-and-bike\/#breadcrumb\"},\"inLanguage\":\"de\",\"potentialAction\":[{\"@type\":\"ReadAction\",\"target\":[\"https:\/\/ways4.eu\/travel\/hike-and-bike\/\"]}]},{\"@type\":\"BreadcrumbList\",\"@id\":\"https:\/\/ways4.eu\/travel\/hike-and-bike\/#breadcrumb\",\"itemListElement\":[{\"@type\":\"ListItem\",\"position\":1,\"name\":\"Home\",\"item\":\"https:\/\/ways4.eu\/\"},{\"@type\":\"ListItem\",\"position\":2,\"name\":\"Reisen\",\"item\":\"https:\/\/ways4.eu\/de\/travel\/\"},{\"@type\":\"ListItem\",\"position\":3,\"name\":\"Hike and bike\"}]},{\"@type\":\"WebSite\",\"@id\":\"https:\/\/ways4.eu\/#website\",\"url\":\"https:\/\/ways4.eu\/\",\"name\":\"Streng vertraulich !\",\"description\":\"Nicht weitersagen...\",\"publisher\":{\"@id\":\"https:\/\/ways4.eu\/#\/schema\/person\/00041dcd2cf535a70052cf591c2abd81\"},\"potentialAction\":[{\"@type\":\"SearchAction\",\"target\":{\"@type\":\"EntryPoint\",\"urlTemplate\":\"https:\/\/ways4.eu\/?s={search_term_string}\"},\"query-input\":\"required name=search_term_string\"}],\"inLanguage\":\"de\"},{\"@type\":[\"Person\",\"Organization\"],\"@id\":\"https:\/\/ways4.eu\/#\/schema\/person\/00041dcd2cf535a70052cf591c2abd81\",\"name\":\"pathfinder\",\"image\":{\"@type\":\"ImageObject\",\"inLanguage\":\"de\",\"@id\":\"https:\/\/ways4.eu\/#\/schema\/person\/image\/\",\"url\":\"https:\/\/i0.wp.com\/www.ways4.eu\/wp-content\/uploads\/2023\/01\/wp-1674746983690.jpg?fit=702%2C841&ssl=1\",\"contentUrl\":\"https:\/\/i0.wp.com\/www.ways4.eu\/wp-content\/uploads\/2023\/01\/wp-1674746983690.jpg?fit=702%2C841&ssl=1\",\"width\":702,\"height\":841,\"caption\":\"pathfinder\"},\"logo\":{\"@id\":\"https:\/\/ways4.eu\/#\/schema\/person\/image\/\"},\"sameAs\":[\"https:\/\/ways4.eu\",\"https:\/\/twitter.com\/sabhe011\"]}]}<\/script>\n<!-- \/ Yoast SEO plugin. -->","yoast_head_json":{"title":"(English) Wandern und Radfahren","description":"(English) Hike and bike","robots":{"index":"index","follow":"follow","max-snippet":"max-snippet:-1","max-image-preview":"max-image-preview:large","max-video-preview":"max-video-preview:-1"},"canonical":"https:\/\/ways4.eu\/travel\/hike-and-bike\/","og_locale":"de_DE","og_type":"article","og_title":"[:en]Wandern und Radfahren[:zh]Wandern und Radfahren [:]","og_url":"https:\/\/ways4.eu\/travel\/hike-and-bike\/","og_site_name":"Streng vertraulich !","article_modified_time":"2023-02-03T08:09:40+00:00","twitter_card":"summary_large_image","twitter_site":"@sabhe011","twitter_misc":{"Gesch\u00e4tzte Lesezeit":"1\u00a0Minute"},"schema":{"@context":"https:\/\/schema.org","@graph":[{"@type":"WebPage","@id":"https:\/\/ways4.eu\/travel\/hike-and-bike\/","url":"https:\/\/ways4.eu\/travel\/hike-and-bike\/","name":"[:en]Wandern und Radfahren[:zh]Wandern und Radfahren [:]","isPartOf":{"@id":"https:\/\/ways4.eu\/#website"},"datePublished":"2023-01-20T12:26:58+00:00","dateModified":"2023-02-03T08:09:40+00:00","description":"{:en}Hike and bike{:}","breadcrumb":{"@id":"https:\/\/ways4.eu\/travel\/hike-and-bike\/#breadcrumb"},"inLanguage":"de","potentialAction":[{"@type":"ReadAction","target":["https:\/\/ways4.eu\/travel\/hike-and-bike\/"]}]},{"@type":"BreadcrumbList","@id":"https:\/\/ways4.eu\/travel\/hike-and-bike\/#breadcrumb","itemListElement":[{"@type":"ListItem","position":1,"name":"Home","item":"https:\/\/ways4.eu\/"},{"@type":"ListItem","position":2,"name":"Reisen","item":"https:\/\/ways4.eu\/de\/travel\/"},{"@type":"ListItem","position":3,"name":"Hike and bike"}]},{"@type":"WebSite","@id":"https:\/\/ways4.eu\/#website","url":"https:\/\/ways4.eu\/","name":"Streng vertraulich !","description":"Nicht weitersagen...","publisher":{"@id":"https:\/\/ways4.eu\/#\/schema\/person\/00041dcd2cf535a70052cf591c2abd81"},"potentialAction":[{"@type":"SearchAction","target":{"@type":"EntryPoint","urlTemplate":"https:\/\/ways4.eu\/?s={search_term_string}"},"query-input":"required name=search_term_string"}],"inLanguage":"de"},{"@type":["Person","Organization"],"@id":"https:\/\/ways4.eu\/#\/schema\/person\/00041dcd2cf535a70052cf591c2abd81","name":"pathfinder","image":{"@type":"ImageObject","inLanguage":"de","@id":"https:\/\/ways4.eu\/#\/schema\/person\/image\/","url":"https:\/\/i0.wp.com\/www.ways4.eu\/wp-content\/uploads\/2023\/01\/wp-1674746983690.jpg?fit=702%2C841&ssl=1","contentUrl":"https:\/\/i0.wp.com\/www.ways4.eu\/wp-content\/uploads\/2023\/01\/wp-1674746983690.jpg?fit=702%2C841&ssl=1","width":702,"height":841,"caption":"pathfinder"},"logo":{"@id":"https:\/\/ways4.eu\/#\/schema\/person\/image\/"},"sameAs":["https:\/\/ways4.eu","https:\/\/twitter.com\/sabhe011"]}]}},"yasr_visitor_votes":{"number_of_votes":0,"sum_votes":0,"stars_attributes":{"read_only":false,"span_bottom":false}},"_links":{"self":[{"href":"https:\/\/ways4.eu\/de\/wp-json\/wp\/v2\/pages\/2586"}],"collection":[{"href":"https:\/\/ways4.eu\/de\/wp-json\/wp\/v2\/pages"}],"about":[{"href":"https:\/\/ways4.eu\/de\/wp-json\/wp\/v2\/types\/page"}],"author":[{"embeddable":true,"href":"https:\/\/ways4.eu\/de\/wp-json\/wp\/v2\/users\/1"}],"replies":[{"embeddable":true,"href":"https:\/\/ways4.eu\/de\/wp-json\/wp\/v2\/comments?post=2586"}],"version-history":[{"count":5,"href":"https:\/\/ways4.eu\/de\/wp-json\/wp\/v2\/pages\/2586\/revisions"}],"predecessor-version":[{"id":2840,"href":"https:\/\/ways4.eu\/de\/wp-json\/wp\/v2\/pages\/2586\/revisions\/2840"}],"up":[{"embeddable":true,"href":"https:\/\/ways4.eu\/de\/wp-json\/wp\/v2\/pages\/183"}],"wp:attachment":[{"href":"https:\/\/ways4.eu\/de\/wp-json\/wp\/v2\/media?parent=2586"}],"curies":[{"name":"wp","href":"https:\/\/api.w.org\/{rel}","templated":true}]}}