{"id":405,"date":"2016-03-01T16:18:14","date_gmt":"2016-03-01T14:18:14","guid":{"rendered":"https:\/\/ways4.eu\/?page_id=405"},"modified":"2019-04-13T00:24:21","modified_gmt":"2019-04-12T22:24:21","slug":"it-networks","status":"publish","type":"page","link":"https:\/\/ways4.eu\/de\/computers-and-it\/it-networks\/","title":{"rendered":"IT- Netze"},"content":{"rendered":"<p><div class=\"add_posts\"><a class=\"post-thumb alignleft\" style=\"float:left; margin-right:15px; clear:both;\" href=\"https:\/\/ways4.eu\/de\/blog\/2014\/05\/11\/13-useful-networking-tips-everyday-life\/ \"><\/a><div class=\"add_posts_content\" style=\"clear:both;\"><div id=\"ez-toc-container\" class=\"ez-toc-v2_0_44_2 counter-hierarchy ez-toc-counter ez-toc-grey ez-toc-container-direction\">\n<div class=\"ez-toc-title-container\">\n<p class=\"ez-toc-title\">Table of Contents<\/p>\n<span class=\"ez-toc-title-toggle\"><a href=\"#\" class=\"ez-toc-pull-right ez-toc-btn ez-toc-btn-xs ez-toc-btn-default ez-toc-toggle\" area-label=\"ez-toc-toggle-icon-1\"><label for=\"item-69e0bd245c6f7\" aria-label=\"Table of Content\"><span style=\"display: flex;align-items: center;width: 35px;height: 30px;justify-content: center;direction:ltr;\"><svg style=\"fill: #999;color:#999\" xmlns=\"http:\/\/www.w3.org\/2000\/svg\" class=\"list-377408\" width=\"20px\" height=\"20px\" viewBox=\"0 0 24 24\" fill=\"none\"><path d=\"M6 6H4v2h2V6zm14 0H8v2h12V6zM4 11h2v2H4v-2zm16 0H8v2h12v-2zM4 16h2v2H4v-2zm16 0H8v2h12v-2z\" fill=\"currentColor\"><\/path><\/svg><svg style=\"fill: #999;color:#999\" class=\"arrow-unsorted-368013\" xmlns=\"http:\/\/www.w3.org\/2000\/svg\" width=\"10px\" height=\"10px\" viewBox=\"0 0 24 24\" version=\"1.2\" baseProfile=\"tiny\"><path d=\"M18.2 9.3l-6.2-6.3-6.2 6.3c-.2.2-.3.4-.3.7s.1.5.3.7c.2.2.4.3.7.3h11c.3 0 .5-.1.7-.3.2-.2.3-.5.3-.7s-.1-.5-.3-.7zM5.8 14.7l6.2 6.3 6.2-6.3c.2-.2.3-.5.3-.7s-.1-.5-.3-.7c-.2-.2-.4-.3-.7-.3h-11c-.3 0-.5.1-.7.3-.2.2-.3.5-.3.7s.1.5.3.7z\"\/><\/svg><\/span><\/label><input  type=\"checkbox\" id=\"item-69e0bd245c6f7\"><\/a><\/span><\/div>\n<nav><ul class='ez-toc-list ez-toc-list-level-1 ' ><li class='ez-toc-page-1 ez-toc-heading-level-2'><a class=\"ez-toc-link ez-toc-heading-1\" href=\"https:\/\/ways4.eu\/de\/computers-and-it\/it-networks\/#13_useful_IT-networking_tips_for_everyday_life\" title=\"13 useful IT-networking tips for everyday life\">13 useful IT-networking tips for everyday life<\/a><\/li><\/ul><\/nav><\/div>\n<h2 class=\"title\" style=\"clear: none;\"><span class=\"ez-toc-section\" id=\"13_useful_IT-networking_tips_for_everyday_life\"><\/span><a href=\"https:\/\/ways4.eu\/de\/blog\/2014\/05\/11\/13-useful-networking-tips-everyday-life\/\">13 useful IT-networking tips for everyday life<\/a><span class=\"ez-toc-section-end\"><\/span><\/h2><div class=\"post-content\" style=\"clear:both\";><p><span id=\"result_box\" lang=\"en\"><span class=\"hps\">In the IT-network<\/span> very often <span class=\"hps\">much potential<\/span> <span class=\"hps\">is wasted<\/span>: in a homezone as well as in <span class=\"hps\">the Web, you<\/span> <span class=\"hps\">can use<\/span> <span class=\"hps\">little tricks<\/span> <span class=\"hps\">and adjustments<\/span> to <span class=\"hps\">significantly improve<\/span> <span class=\"hps\">functionality and comfort.<\/span> <span class=\"hps\">Here are some hints where you can tune:<\/span><\/span><\/p>\n<h4><span lang=\"en\"><strong><span class=\"hps\">1.\u00a0<\/span> <span class=\"hps\">LAN<\/span> <span class=\"hps\">bookmarks<\/span> <span class=\"hps\">in the browser<\/span> <\/strong><\/span><\/h4>\n<p><span class=\"hps\">Some important<\/span> <span class=\"hps\">devices in the local<\/span> <span class=\"hps\">network<\/span> <span class=\"hps\">offer their<\/span> <span class=\"hps\">configuration interface<\/span> <span class=\"hps\">via a web server<\/span>, which is accessible <span class=\"hps\">in the browser<\/span>: this includes <span class=\"hps\">routers, repeaters<\/span>, NAS, <span class=\"hps\">media server or<\/span> <span class=\"hps\">network printer.<\/span> <span class=\"hps\">Put<\/span> <span class=\"hps\">in the<\/span> <span class=\"hps\">browser of your choice<\/span> <span class=\"hps\">its own<\/span> <span class=\"hps\">bookmark folder<\/span> <span class=\"hps\">for this<\/span> <span class=\"hps\">local<\/span> <span class=\"hps\">addresses that<\/span> <span class=\"hps\">you call<\/span> <span class=\"hps atn\">as \"<\/span>local<span class=\"atn\">\" or \"<\/span>LAN\".<br \/>\n<span id=\"result_box\" lang=\"en\"><span class=\"hps\">In this<\/span> <span class=\"hps\">bookmark folder<\/span> <span class=\"hps\">you<\/span> <span class=\"hps\">put all<\/span> <span class=\"hps\">important IP addresses<\/span> <span class=\"hps\">by drag and drop<\/span> <span class=\"hps\">from the address bar<\/span>. <span class=\"hps\">In order to<\/span> <span class=\"hps\">achieve<\/span> <span class=\"hps\">the<\/span> <span class=\"hps\">future<\/span> <span class=\"hps\">configuration<\/span> <span class=\"hps\">of all these<\/span> <span class=\"hps\">devices<\/span> <span class=\"hps\">in one click.<\/span> <span class=\"hps\">The prerequisite is<\/span> <span class=\"hps\">that the IP<\/span> <span class=\"hps\">address<\/span> <span class=\"hps\">is constant.<\/span><\/span><\/p>\n<h4><span id=\"result_box\" lang=\"en\"><span class=\"hps\">2.<\/span> H<span class=\"hps\">igh-speed<\/span> <span class=\"hps\">data transmission<\/span> <span class=\"hps\">even far away<\/span> <span class=\"hps\">from the router<\/span><\/span><\/h4>\n<p><span class=\"hps\">Placement of the router<\/span> <span class=\"hps\">is often<\/span> <span class=\"hps\">dictated by<\/span> <span class=\"hps\">the location<\/span> <span class=\"hps\">of the splitter<\/span> <span class=\"hps\">or<\/span> <span class=\"hps\">DSL modem<\/span> <span class=\"hps\">and<\/span> <span class=\"hps\">therefore<\/span> difficult <span class=\"hps\">to optimize<\/span> <span class=\"hps\">even in unfavorable<\/span> <span class=\"hps\">situation.<\/span> <span class=\"hps\">If you are<\/span> <span class=\"hps\">in another room<\/span> <span class=\"hps\">require<\/span> <span class=\"hps\">optimal throughput<\/span> <span class=\"hps\">in<\/span> <span class=\"hps\">apparent<\/span> <span class=\"hps\">distance<\/span>, wireless, even with <span class=\"hps\">repeater becomes<\/span> <span class=\"hps\">only<\/span> <span class=\"hps\">an unsatisfactory<\/span> <span class=\"hps\">compromise.<\/span> <span class=\"hps\">Convincing<\/span> <span class=\"hps\">-<\/span> <span class=\"hps\">and<\/span> <span class=\"hps\">without<\/span> <span class=\"hps\">much<\/span> <span class=\"hps\">effort, <\/span><span class=\"hps\">two<\/span> <span class=\"hps\">Powerline adapters<\/span> can solve <span class=\"hps\">the problem.<\/span> <span class=\"hps\">Although the<\/span> <span class=\"hps\">throughput<\/span> <span class=\"hps\">in the power grid<\/span> <span class=\"hps\">is well below the<\/span> <span class=\"hps\">theoretical<\/span> <span class=\"hps\">200<\/span> <span class=\"hps\">or 500<\/span> <span class=\"hps\">Mbit<\/span> <span class=\"hps\">\/ s<\/span>, but that's not the point<span class=\"hps\">: The<\/span> <span class=\"hps\">equipments at the end<\/span> <span class=\"hps\">of the current bridge<\/span> <span class=\"hps\">are connected<\/span> <span class=\"hps\">by cable<\/span> <span class=\"hps\">-<\/span> <span class=\"hps\">either via the<\/span> <span class=\"hps\">integrated switch<\/span> <span class=\"hps\">of the<\/span> <span class=\"hps\">Powerline adapter<\/span> <span class=\"hps\">or<\/span> <span class=\"hps\">via a separate<\/span> <span class=\"hps\">Switch.<\/span> <span class=\"hps\">The transmission rate <\/span><span class=\"hps\">then reaches<\/span> <span class=\"hps\">at least Fast<\/span> <span class=\"hps\">Ethernet<\/span> <span class=\"hps\">speed<\/span> <span class=\"hps\">(usually<\/span> <span class=\"hps\">well over 100<\/span> <span class=\"hps\">Mbit<\/span> <span class=\"hps\">\/ s)<\/span>, <span class=\"hps\">and<\/span> <span class=\"hps\">so you<\/span> <span class=\"hps\">also stream<\/span> <span class=\"hps\">Blu<\/span>-ray <span class=\"hps\">data rates<\/span> <span class=\"hps\">with no problem<\/span> <span class=\"hps\">from A to B.<\/span><\/p>\n<h4><span id=\"result_box\" lang=\"en\"><strong><span class=\"hps\">4.<\/span> <span class=\"hps\">Useful<\/span> <span class=\"hps\">NET command<\/span> <span class=\"hps\">on the command line (Windows)<\/span> <\/strong><\/span><\/h4>\n<p><span class=\"hps\">The<\/span> <span class=\"hps\">Net<\/span> <span class=\"hps\">command<\/span> <span class=\"hps\">in<\/span> <span class=\"hps\">the command prompt<\/span> <span class=\"hps\">is a very<\/span> <span class=\"hps\">useful tool<\/span> <span class=\"hps\">for many<\/span> <span class=\"hps\">network tasks<\/span>. <span class=\"hps\">After starting the<\/span> <span class=\"hps\">\"Run\"<\/span> <span class=\"hps\">dialogue<\/span> <span class=\"hps\">with <strong>Win<\/strong><\/span><strong>-R<\/strong> <span class=\"hps\">you get with<\/span> <strong><span class=\"hps\">cmd \/<\/span> <span class=\"hps\">k<\/span> <span class=\"hps\">net<\/span> <\/strong><span class=\"hps\"><strong>use<\/strong> all<\/span> <span class=\"hps\">local<\/span> <span class=\"hps\">network connections<\/span>, <span class=\"hps\">with<\/span> <strong><span class=\"hps\">cmd \/<\/span> <span class=\"hps\">k<\/span> <span class=\"hps\">net<\/span> <\/strong><span class=\"hps\"><strong>share<\/strong> all<\/span> <span class=\"hps\">releases<\/span> <span class=\"hps\">of the current computer<\/span>. <span class=\"hps\">The command<\/span><\/p>\n<p><strong><span class=\"hps\">net use<\/span> <span class=\"hps\">\/<\/span> <span class=\"hps\">delete *<\/span><\/strong><\/p>\n<p><span class=\"hps\">is particularly<\/span> <span class=\"hps\">useful when you<\/span> <span class=\"hps\">need to clean up<\/span> <span class=\"hps\">the existing<\/span> <span class=\"hps\">remote connections<\/span> <span class=\"hps\">because Windows<\/span> <span class=\"hps atn\">\"<\/span>multiple connections\" <span class=\"hps\">complained<\/span> <span class=\"hps\">during an access<\/span> <span class=\"hps\">attempt.<\/span> <span class=\"hps\">Popular<\/span> <span class=\"hps\">in corporate networks<\/span> <span class=\"hps\">is the command<\/span>:<\/p>\n<p><strong><span class=\"hps\">net config server<\/span><\/strong> <strong><span class=\"hps\">\/ hidden<\/span>: <span class=\"hps\">yes<br \/>\n<\/span><\/strong><span class=\"hps\"><span id=\"result_box\" lang=\"en\"><span class=\"hps\">Thereafter, the<\/span> <span class=\"hps\">concerned<\/span> <span class=\"hps\">computer in the<\/span> <span class=\"hps\">network environment of the<\/span> <span class=\"hps\">other<\/span> <span class=\"hps\">is no longer displayed<\/span>, but <span class=\"hps\">remains accessible<\/span> <span class=\"hps\">if it<\/span> <span class=\"hps\">is addressed in the<\/span> <span class=\"hps\">Explorer<\/span> with <strong><span class=\"hps\">\\<\/span> <span class=\"hps\">\\<\/span> <span class=\"hps\">computer<\/span> <span class=\"hps\">\\ share<\/span><\/strong> <span class=\"hps\">directly<\/span>. <span class=\"hps\">This does not\u00a0<\/span> <span class=\"hps\">hide the<\/span> <span class=\"hps\">computer<\/span> <span class=\"hps\">from external<\/span> <span class=\"hps\">network tools<\/span>.<\/span><\/span><strong><span class=\"hps\"><br \/>\n<\/span><\/strong><\/p>\n<p><span id=\"result_box\" class=\"\" lang=\"en\" tabindex=\"-1\"><span title=\"5. Externe IP -Adresse in der Cloud ablegen \"><strong>5. Publish your External IP address in the cloud<\/strong><\/span><\/span><\/p>\n<p><span title=\"DSL-Nutzer erhalten t\u00e4glich eine neue \u00f6ffentliche IP-Nummer im Internet.\">DSL users receive a new public IP address on the Internet daily. Using<\/span><span title=\"F\u00fcr einen Fernzugriff auf das eigene Netz ist dann in der Regel der Umweg \u00fcber einen Dyn-DNSAnbieter notwendig.\"> a Dyn-DNS Provider is often the solution for remote access to the own Home- Network. <\/span><span title=\"Alternativ k\u00f6nnen Sie die externe IP aber auch im Web hinterlegen, um sie dann unterwegs nutzen zu k\u00f6nnen. \">Alternatively, you can publish the external IP\u00a0 to the Internet by using a cloud environment.<\/span><\/p>\n<p><span title=\"Dazu gen\u00fcgt ein Cloud-Speicher bei einem beliebigen Anbieter \u2013 Microsoft Skydrive, Strato Hidrive, Dropbox, Google Drive, Ubuntu One oder wie auch immer.\">For this, a cloud storage at any provider is sufficient - Microsoft Skydrive, Strato Hidrive, Dropbox, Google Drive, Ubuntu One, or whatever. <\/span><span title=\"Allerdings muss dieser Cloud-Speicher im lokalen Dateisystem synchronisiert werden.\">However, these cloud storage must synchronize the local file system. <\/span><span title=\"Diese M\u00f6glichkeit bieten alle genannten Cloud-Speicher entweder standardm\u00e4\u00dfig (Dropbox, Hidrive, Ubuntu One) oder nach Installation eines zus\u00e4tzlichen Tools (Google Drive Sync, Skydrive Client).\">They provide all these cloud storage either by default (Dropbox, Hidrive, Ubuntu One) or by installing an additional tool (Google Drive Sync, SkyDrive client). <\/span><\/p>\n<p><span id=\"result_box\" class=\"\" lang=\"en\" tabindex=\"-1\"><span title=\"Dann gen\u00fcgt beispielsweise folgender Befehl: \">Then, for example, using the following command:<\/span><\/span><\/p>\n<p><span title=\"cmd.exe \/c [Pfad]\\curl.exe \">cmd.exe \/ c [path] \\ curl.exe<br \/>\n<\/span><span title=\"http:\/\/ifconfig.me &gt;%user \">http:\/\/ifconfig.me&gt;% user<br \/>\n<\/span><span title=\"profile%\\SkyDrive\\ip.txt \">profile% \\ SkyDrive \\ ip.txt<br \/>\n<\/span><\/p>\n<p><span id=\"result_box\" class=\"\" lang=\"en\" tabindex=\"-1\"><span title=\"profile%\\SkyDrive\\ip.txt \">will do the work.<\/span><\/span><\/p>\n<p><span id=\"result_box\" class=\"\" lang=\"en\" tabindex=\"-1\"><span title=\"profile%\\SkyDrive\\ip.txt \"><br \/>\n<\/span><span title=\"Das hierf\u00fcr notwendige Curl.exe sollte auf keinem System fehlen.\">The necessary tool for this is curl.exe and it shouldn't be missing on any system. <\/span><span title=\"Es holt sich hier von der Webadresse http:\/\/ifconfig.me die externe IP und schreibt diese in eine Textdatei im Skydrive-Ordner.\">It gets the own external ip-Adress address from calling ttp:\/\/ifconfig.me and writing the result to a text file in the Skydrive folder. <\/span><span title=\"Vom Sync-Ordner auf Festplatte geht die Textdatei dann automatisch in die Cloud.\">From the sync folder on the hard disk, the text file is automatically synced to the cloud. <\/span><span title=\"Damit kommen Sie \u00fcberall an die entscheidende Information, wo heute Ihr lokales Netz zu erreichen ist. \">This will get you access anywhere on the crucial information where your local network can be reached from outside.<br \/>\nTo use services in your Home- Net from outside you have to configure Port- Forwarding in your Router.<\/span><span title=\"Damit Ihr Router die gew\u00fcnschten Zugriffe dann auch durchl\u00e4sst, m\u00fcssen Sie Portweiterleitungen einrichten \u2013 nur Dyn DNS wird durch diesen Trick entbehrlich.\"> By routing <\/span><span title=\"Ist etwa der Standard-Port 21 im Router auf den hauseigenen FTP-Server weitergeleitet, erhalten Sie mit ftp:\/\/[Externe IP] mit jedem FTP-Client wie Filezilla den gew\u00fcnschten Zugriff.\">the standard port 21 forwarded to your home FTP server, you will gain access with ftp: \/\/ [External IP] with any FTP client such as FileZilla to your Home- FTP-Server.<\/span><\/span><\/p>\n <a href=\"https:\/\/ways4.eu\/de\/blog\/2014\/05\/11\/13-useful-networking-tips-everyday-life\/\" class=\"readmore\">Hier geht's weiter<\/a><\/div><hr style=\"margin:10px 0\"><\/div><\/div><div style=\"clear: both;\"><\/div><\/p>\n<div style='text-align:left' class='yasr-auto-insert-overall'><\/div><div style='text-align:left' class='yasr-auto-insert-visitor'><\/div>","protected":false},"excerpt":{"rendered":"","protected":false},"author":1,"featured_media":0,"parent":39,"menu_order":0,"comment_status":"closed","ping_status":"closed","template":"","meta":{"_oct_exclude_from_cache":false,"_mi_skip_tracking":false,"yasr_overall_rating":0,"yasr_post_is_review":"","yasr_auto_insert_disabled":"","yasr_review_type":"Product"},"yoast_head":"<!-- This site is optimized with the Yoast SEO plugin v20.0 - https:\/\/yoast.com\/wordpress\/plugins\/seo\/ -->\n<title>IT- Netze - Streng vertraulich !<\/title>\n<meta name=\"robots\" content=\"index, follow, max-snippet:-1, max-image-preview:large, max-video-preview:-1\" \/>\n<link rel=\"canonical\" href=\"https:\/\/ways4.eu\/computers-and-it\/it-networks\/\" \/>\n<meta property=\"og:locale\" content=\"de_DE\" \/>\n<meta property=\"og:type\" content=\"article\" \/>\n<meta property=\"og:title\" content=\"IT- Netze - Streng vertraulich !\" \/>\n<meta property=\"og:url\" content=\"https:\/\/ways4.eu\/computers-and-it\/it-networks\/\" \/>\n<meta property=\"og:site_name\" content=\"Streng vertraulich !\" \/>\n<meta property=\"article:modified_time\" content=\"2019-04-12T22:24:21+00:00\" \/>\n<meta name=\"twitter:card\" content=\"summary_large_image\" \/>\n<meta name=\"twitter:site\" content=\"@sabhe011\" \/>\n<script type=\"application\/ld+json\" class=\"yoast-schema-graph\">{\"@context\":\"https:\/\/schema.org\",\"@graph\":[{\"@type\":\"WebPage\",\"@id\":\"https:\/\/ways4.eu\/computers-and-it\/it-networks\/\",\"url\":\"https:\/\/ways4.eu\/computers-and-it\/it-networks\/\",\"name\":\"IT- Netze - Streng vertraulich !\",\"isPartOf\":{\"@id\":\"https:\/\/ways4.eu\/#website\"},\"datePublished\":\"2016-03-01T14:18:14+00:00\",\"dateModified\":\"2019-04-12T22:24:21+00:00\",\"breadcrumb\":{\"@id\":\"https:\/\/ways4.eu\/computers-and-it\/it-networks\/#breadcrumb\"},\"inLanguage\":\"de\",\"potentialAction\":[{\"@type\":\"ReadAction\",\"target\":[\"https:\/\/ways4.eu\/computers-and-it\/it-networks\/\"]}]},{\"@type\":\"BreadcrumbList\",\"@id\":\"https:\/\/ways4.eu\/computers-and-it\/it-networks\/#breadcrumb\",\"itemListElement\":[{\"@type\":\"ListItem\",\"position\":1,\"name\":\"Home\",\"item\":\"https:\/\/ways4.eu\/\"},{\"@type\":\"ListItem\",\"position\":2,\"name\":\"Computers and IT\",\"item\":\"https:\/\/ways4.eu\/computers-and-it\/\"},{\"@type\":\"ListItem\",\"position\":3,\"name\":\"IT- Networks\"}]},{\"@type\":\"WebSite\",\"@id\":\"https:\/\/ways4.eu\/#website\",\"url\":\"https:\/\/ways4.eu\/\",\"name\":\"Streng vertraulich !\",\"description\":\"Nicht weitersagen...\",\"publisher\":{\"@id\":\"https:\/\/ways4.eu\/#\/schema\/person\/00041dcd2cf535a70052cf591c2abd81\"},\"potentialAction\":[{\"@type\":\"SearchAction\",\"target\":{\"@type\":\"EntryPoint\",\"urlTemplate\":\"https:\/\/ways4.eu\/?s={search_term_string}\"},\"query-input\":\"required name=search_term_string\"}],\"inLanguage\":\"de\"},{\"@type\":[\"Person\",\"Organization\"],\"@id\":\"https:\/\/ways4.eu\/#\/schema\/person\/00041dcd2cf535a70052cf591c2abd81\",\"name\":\"pathfinder\",\"image\":{\"@type\":\"ImageObject\",\"inLanguage\":\"de\",\"@id\":\"https:\/\/ways4.eu\/#\/schema\/person\/image\/\",\"url\":\"https:\/\/i0.wp.com\/www.ways4.eu\/wp-content\/uploads\/2023\/01\/wp-1674746983690.jpg?fit=702%2C841&ssl=1\",\"contentUrl\":\"https:\/\/i0.wp.com\/www.ways4.eu\/wp-content\/uploads\/2023\/01\/wp-1674746983690.jpg?fit=702%2C841&ssl=1\",\"width\":702,\"height\":841,\"caption\":\"pathfinder\"},\"logo\":{\"@id\":\"https:\/\/ways4.eu\/#\/schema\/person\/image\/\"},\"sameAs\":[\"https:\/\/ways4.eu\",\"https:\/\/twitter.com\/sabhe011\"]}]}<\/script>\n<!-- \/ Yoast SEO plugin. -->","yoast_head_json":{"title":"IT- Netze - Streng vertraulich !","robots":{"index":"index","follow":"follow","max-snippet":"max-snippet:-1","max-image-preview":"max-image-preview:large","max-video-preview":"max-video-preview:-1"},"canonical":"https:\/\/ways4.eu\/computers-and-it\/it-networks\/","og_locale":"de_DE","og_type":"article","og_title":"IT- Netze - Streng vertraulich !","og_url":"https:\/\/ways4.eu\/computers-and-it\/it-networks\/","og_site_name":"Streng vertraulich !","article_modified_time":"2019-04-12T22:24:21+00:00","twitter_card":"summary_large_image","twitter_site":"@sabhe011","schema":{"@context":"https:\/\/schema.org","@graph":[{"@type":"WebPage","@id":"https:\/\/ways4.eu\/computers-and-it\/it-networks\/","url":"https:\/\/ways4.eu\/computers-and-it\/it-networks\/","name":"IT- Netze - Streng vertraulich !","isPartOf":{"@id":"https:\/\/ways4.eu\/#website"},"datePublished":"2016-03-01T14:18:14+00:00","dateModified":"2019-04-12T22:24:21+00:00","breadcrumb":{"@id":"https:\/\/ways4.eu\/computers-and-it\/it-networks\/#breadcrumb"},"inLanguage":"de","potentialAction":[{"@type":"ReadAction","target":["https:\/\/ways4.eu\/computers-and-it\/it-networks\/"]}]},{"@type":"BreadcrumbList","@id":"https:\/\/ways4.eu\/computers-and-it\/it-networks\/#breadcrumb","itemListElement":[{"@type":"ListItem","position":1,"name":"Home","item":"https:\/\/ways4.eu\/"},{"@type":"ListItem","position":2,"name":"Computers and IT","item":"https:\/\/ways4.eu\/computers-and-it\/"},{"@type":"ListItem","position":3,"name":"IT- Networks"}]},{"@type":"WebSite","@id":"https:\/\/ways4.eu\/#website","url":"https:\/\/ways4.eu\/","name":"Streng vertraulich !","description":"Nicht weitersagen...","publisher":{"@id":"https:\/\/ways4.eu\/#\/schema\/person\/00041dcd2cf535a70052cf591c2abd81"},"potentialAction":[{"@type":"SearchAction","target":{"@type":"EntryPoint","urlTemplate":"https:\/\/ways4.eu\/?s={search_term_string}"},"query-input":"required name=search_term_string"}],"inLanguage":"de"},{"@type":["Person","Organization"],"@id":"https:\/\/ways4.eu\/#\/schema\/person\/00041dcd2cf535a70052cf591c2abd81","name":"pathfinder","image":{"@type":"ImageObject","inLanguage":"de","@id":"https:\/\/ways4.eu\/#\/schema\/person\/image\/","url":"https:\/\/i0.wp.com\/www.ways4.eu\/wp-content\/uploads\/2023\/01\/wp-1674746983690.jpg?fit=702%2C841&ssl=1","contentUrl":"https:\/\/i0.wp.com\/www.ways4.eu\/wp-content\/uploads\/2023\/01\/wp-1674746983690.jpg?fit=702%2C841&ssl=1","width":702,"height":841,"caption":"pathfinder"},"logo":{"@id":"https:\/\/ways4.eu\/#\/schema\/person\/image\/"},"sameAs":["https:\/\/ways4.eu","https:\/\/twitter.com\/sabhe011"]}]}},"yasr_visitor_votes":{"number_of_votes":0,"sum_votes":0,"stars_attributes":{"read_only":false,"span_bottom":false}},"_links":{"self":[{"href":"https:\/\/ways4.eu\/de\/wp-json\/wp\/v2\/pages\/405"}],"collection":[{"href":"https:\/\/ways4.eu\/de\/wp-json\/wp\/v2\/pages"}],"about":[{"href":"https:\/\/ways4.eu\/de\/wp-json\/wp\/v2\/types\/page"}],"author":[{"embeddable":true,"href":"https:\/\/ways4.eu\/de\/wp-json\/wp\/v2\/users\/1"}],"replies":[{"embeddable":true,"href":"https:\/\/ways4.eu\/de\/wp-json\/wp\/v2\/comments?post=405"}],"version-history":[{"count":3,"href":"https:\/\/ways4.eu\/de\/wp-json\/wp\/v2\/pages\/405\/revisions"}],"predecessor-version":[{"id":1327,"href":"https:\/\/ways4.eu\/de\/wp-json\/wp\/v2\/pages\/405\/revisions\/1327"}],"up":[{"embeddable":true,"href":"https:\/\/ways4.eu\/de\/wp-json\/wp\/v2\/pages\/39"}],"wp:attachment":[{"href":"https:\/\/ways4.eu\/de\/wp-json\/wp\/v2\/media?parent=405"}],"curies":[{"name":"wp","href":"https:\/\/api.w.org\/{rel}","templated":true}]}}