{"id":641,"date":"2017-08-25T12:32:16","date_gmt":"2017-08-25T10:32:16","guid":{"rendered":"https:\/\/ways4.eu\/?page_id=641"},"modified":"2017-08-25T12:32:16","modified_gmt":"2017-08-25T10:32:16","slug":"cars","status":"publish","type":"page","link":"https:\/\/ways4.eu\/de\/bikes\/cars\/","title":{"rendered":"Autos"},"content":{"rendered":"<p><div class=\"add_posts\"><a class=\"post-thumb alignleft\" style=\"float:left; margin-right:15px; clear:both;\" href=\"https:\/\/ways4.eu\/de\/blog\/2023\/01\/28\/toyota-mr2\/ \"><img width=\"64\" height=\"64\" src=\"https:\/\/ways4.eu\/wp-content\/uploads\/2023\/01\/wp-1674823744132-150x150.jpg\" class=\"attachment-64x64 size-64x64 wp-post-image\" alt=\"toyota mr2 20230127\" decoding=\"async\" loading=\"lazy\" \/><\/a><div class=\"add_posts_content\" style=\"clear:both;\"><div id=\"ez-toc-container\" class=\"ez-toc-v2_0_44_2 counter-hierarchy ez-toc-counter ez-toc-grey ez-toc-container-direction\">\n<div class=\"ez-toc-title-container\">\n<p class=\"ez-toc-title\">Table of Contents<\/p>\n<span class=\"ez-toc-title-toggle\"><a href=\"#\" class=\"ez-toc-pull-right ez-toc-btn ez-toc-btn-xs ez-toc-btn-default ez-toc-toggle\" area-label=\"ez-toc-toggle-icon-1\"><label for=\"item-69d29bd2630d7\" aria-label=\"Table of Content\"><span style=\"display: flex;align-items: center;width: 35px;height: 30px;justify-content: center;direction:ltr;\"><svg style=\"fill: #999;color:#999\" xmlns=\"http:\/\/www.w3.org\/2000\/svg\" class=\"list-377408\" width=\"20px\" height=\"20px\" viewBox=\"0 0 24 24\" fill=\"none\"><path d=\"M6 6H4v2h2V6zm14 0H8v2h12V6zM4 11h2v2H4v-2zm16 0H8v2h12v-2zM4 16h2v2H4v-2zm16 0H8v2h12v-2z\" fill=\"currentColor\"><\/path><\/svg><svg style=\"fill: #999;color:#999\" class=\"arrow-unsorted-368013\" xmlns=\"http:\/\/www.w3.org\/2000\/svg\" width=\"10px\" height=\"10px\" viewBox=\"0 0 24 24\" version=\"1.2\" baseProfile=\"tiny\"><path d=\"M18.2 9.3l-6.2-6.3-6.2 6.3c-.2.2-.3.4-.3.7s.1.5.3.7c.2.2.4.3.7.3h11c.3 0 .5-.1.7-.3.2-.2.3-.5.3-.7s-.1-.5-.3-.7zM5.8 14.7l6.2 6.3 6.2-6.3c.2-.2.3-.5.3-.7s-.1-.5-.3-.7c-.2-.2-.4-.3-.7-.3h-11c-.3 0-.5.1-.7.3-.2.2-.3.5-.3.7s.1.5.3.7z\"\/><\/svg><\/span><\/label><input  type=\"checkbox\" id=\"item-69d29bd2630d7\"><\/a><\/span><\/div>\n<nav><ul class='ez-toc-list ez-toc-list-level-1 ' ><li class='ez-toc-page-1 ez-toc-heading-level-2'><a class=\"ez-toc-link ez-toc-heading-1\" href=\"https:\/\/ways4.eu\/de\/bikes\/cars\/#Toyota_MR2_W2_Gebraucht_Kaufberatung\" title=\"Toyota MR2 (W2) Gebraucht Kaufberatung\">Toyota MR2 (W2) Gebraucht Kaufberatung<\/a><\/li><li class='ez-toc-page-1 ez-toc-heading-level-2'><a class=\"ez-toc-link ez-toc-heading-2\" href=\"https:\/\/ways4.eu\/de\/bikes\/cars\/#Der_Mustang_Mach_1_von_1969_Ein_klassisches_amerikanisches_Muscle_Car\" title=\"Der Mustang Mach 1 von 1969: Ein klassisches amerikanisches Muscle Car\">Der Mustang Mach 1 von 1969: Ein klassisches amerikanisches Muscle Car<\/a><\/li><li class='ez-toc-page-1 ez-toc-heading-level-2'><a class=\"ez-toc-link ez-toc-heading-3\" href=\"https:\/\/ways4.eu\/de\/bikes\/cars\/#Moderne_Fahrzeuge_und_Turbo-Aufladung\" title=\"Moderne Fahrzeuge und  Turbo-Aufladung\">Moderne Fahrzeuge und  Turbo-Aufladung<\/a><\/li><\/ul><\/nav><\/div>\n<h2 class=\"title\" style=\"clear: none;\"><span class=\"ez-toc-section\" id=\"Toyota_MR2_W2_Gebraucht_Kaufberatung\"><\/span><a href=\"https:\/\/ways4.eu\/de\/blog\/2023\/01\/28\/toyota-mr2\/\">Toyota MR2 (W2) Gebraucht Kaufberatung<\/a><span class=\"ez-toc-section-end\"><\/span><\/h2><div class=\"post-content\" style=\"clear:both\";><h3>Toyota MR2 W2<\/h3>\n<h3>Ein Leitfaden zum Kauf und Modifizieren eines Toyota MR2 (SW20)<\/h3>\n<p>Der Toyota MR2, manchmal auch als W20 oder SW20 bekannt, ist bei Autofans sehr beliebt. Beim Durchst\u00f6bern der Anzeigen sollten jedoch einige Dinge beachtet werden. Folgende Dinge sollten K\u00e4ufer beim Erwerb und Ver\u00e4nderung eines SW20 im Auge behalten.<\/p>\n <a href=\"https:\/\/ways4.eu\/de\/blog\/2023\/01\/28\/toyota-mr2\/\" class=\"readmore\">hier geht es weiter...<\/a><\/div><hr style=\"margin:10px 0\"><\/div><a class=\"post-thumb alignleft\" style=\"float:left; margin-right:15px; clear:both;\" href=\"https:\/\/ways4.eu\/de\/blog\/2023\/01\/27\/1969-mustang-mach-one-american-muscle-car-ford-mustang-mach-1-classic-car\/ \"><img width=\"64\" height=\"64\" src=\"https:\/\/ways4.eu\/wp-content\/uploads\/2023\/01\/wp-1674823665925-150x150.png\" class=\"attachment-64x64 size-64x64 wp-post-image\" alt=\"\" decoding=\"async\" loading=\"lazy\" \/><\/a><div class=\"add_posts_content\" style=\"clear:both;\"><h2 class=\"title\" style=\"clear: none;\"><span class=\"ez-toc-section\" id=\"Der_Mustang_Mach_1_von_1969_Ein_klassisches_amerikanisches_Muscle_Car\"><\/span><a href=\"https:\/\/ways4.eu\/de\/blog\/2023\/01\/27\/1969-mustang-mach-one-american-muscle-car-ford-mustang-mach-1-classic-car\/\">Der Mustang Mach 1 von 1969: Ein klassisches amerikanisches Muscle Car<\/a><span class=\"ez-toc-section-end\"><\/span><\/h2><div class=\"post-content\" style=\"clear:both\";><h3>Mustang Mach 1<\/h3>\n<p><span class=\"\">Ein legend\u00e4res amerikanisches Muscle-Car, das bei seiner Einf\u00fchrung sehr beliebt war, war der Mustang Mach 1 von 1969. Ganze 24 % aller 1969 produzierten Mustangs waren Mach 1, mit insgesamt 299.824 verkauften Mustangs f\u00fcr das Modelljahr. <\/span><span class=\"\">Im Vergleich zu Verk\u00e4ufen in fr\u00fcheren Jahren, wo in gr\u00f6\u00dferen Mengen verkauft wurde, erscheint diese Zahl von weniger als 300.000 ein wenig deprimierend. <\/span>Aber man muss bedenken: Bis 1969 sah sich der Mustang der Konkurrenz vom Chevy Camaro, dem Pontiac Firebird, dem Plymouth Barracuda, dem AMC Javelin und sogar Mercury's Cougar, einem Konkurrenten aus gleichem \"Stall\", gegen\u00fcber. Wie beliebt das Ponycar-Konzept war, zeigte sich daran, dass auf dem gesch\u00e4ftigen Markt Platz f\u00fcr alle war. Auch wenn die Verk\u00e4ufe nicht auf ihrem H\u00f6hepunkt waren, hatte Mustang einen soliden Ruf und war bekannt.<\/p>\n <a href=\"https:\/\/ways4.eu\/de\/blog\/2023\/01\/27\/1969-mustang-mach-one-american-muscle-car-ford-mustang-mach-1-classic-car\/\" class=\"readmore\">hier geht es weiter...<\/a><\/div><hr style=\"margin:10px 0\"><\/div><a class=\"post-thumb alignleft\" style=\"float:left; margin-right:15px; clear:both;\" href=\"https:\/\/ways4.eu\/de\/blog\/2019\/04\/13\/moderne-fahrzeuge-und-turbo-aufladung\/ \"><\/a><div class=\"add_posts_content\" style=\"clear:both;\"><h2 class=\"title\" style=\"clear: none;\"><span class=\"ez-toc-section\" id=\"Moderne_Fahrzeuge_und_Turbo-Aufladung\"><\/span><a href=\"https:\/\/ways4.eu\/de\/blog\/2019\/04\/13\/moderne-fahrzeuge-und-turbo-aufladung\/\">Moderne Fahrzeuge und  Turbo-Aufladung<\/a><span class=\"ez-toc-section-end\"><\/span><\/h2><div class=\"post-content\" style=\"clear:both\";><p>Warum werden immer mehr Autos mit Turbo-Aufladung hergestellt ? Was ist die Funktion eines Turbo-Laders ? Worauf muss ich achten wenn ich ein Auto mit Turbo -Lader fahre ?<\/p>\n<p>Diese und weitere Fragen werden \u00fcber den folgenden Artikel aus der Auto-Zeitung beantwortet:<\/p>\n<p><a href=\"https:\/\/www.autozeitung.de\/turbolader-funktion-pflege-135524.html\" target=\"_blank\" rel=\"noopener noreferrer\">Auto-Zeitung Turbo-Lader<\/a><\/p>\n <a href=\"https:\/\/ways4.eu\/de\/blog\/2019\/04\/13\/moderne-fahrzeuge-und-turbo-aufladung\/\" class=\"readmore\">hier geht es weiter...<\/a><\/div><hr style=\"margin:10px 0\"><\/div><\/div><div style=\"clear: both;\"><\/div><\/p>\n<div style='text-align:left' class='yasr-auto-insert-overall'><\/div><div style='text-align:left' class='yasr-auto-insert-visitor'><\/div>","protected":false},"excerpt":{"rendered":"","protected":false},"author":1,"featured_media":0,"parent":10,"menu_order":0,"comment_status":"closed","ping_status":"closed","template":"","meta":{"_oct_exclude_from_cache":false,"_mi_skip_tracking":false,"yasr_overall_rating":0,"yasr_post_is_review":"","yasr_auto_insert_disabled":"","yasr_review_type":""},"yoast_head":"<!-- This site is optimized with the Yoast SEO plugin v20.0 - https:\/\/yoast.com\/wordpress\/plugins\/seo\/ -->\n<title>Autos - Streng vertraulich !<\/title>\n<meta name=\"robots\" content=\"index, follow, max-snippet:-1, max-image-preview:large, max-video-preview:-1\" \/>\n<link rel=\"canonical\" href=\"https:\/\/ways4.eu\/zh\/bikes\/cars\/\" \/>\n<meta property=\"og:locale\" content=\"de_DE\" \/>\n<meta property=\"og:type\" content=\"article\" \/>\n<meta property=\"og:title\" content=\"Autos - Streng vertraulich !\" \/>\n<meta property=\"og:url\" content=\"https:\/\/ways4.eu\/zh\/bikes\/cars\/\" \/>\n<meta property=\"og:site_name\" content=\"Streng vertraulich !\" \/>\n<meta name=\"twitter:card\" content=\"summary_large_image\" \/>\n<meta name=\"twitter:site\" content=\"@sabhe011\" \/>\n<script type=\"application\/ld+json\" class=\"yoast-schema-graph\">{\"@context\":\"https:\/\/schema.org\",\"@graph\":[{\"@type\":\"WebPage\",\"@id\":\"https:\/\/ways4.eu\/zh\/bikes\/cars\/\",\"url\":\"https:\/\/ways4.eu\/zh\/bikes\/cars\/\",\"name\":\"Autos - Streng vertraulich !\",\"isPartOf\":{\"@id\":\"https:\/\/ways4.eu\/#website\"},\"datePublished\":\"2017-08-25T10:32:16+00:00\",\"dateModified\":\"2017-08-25T10:32:16+00:00\",\"breadcrumb\":{\"@id\":\"https:\/\/ways4.eu\/zh\/bikes\/cars\/#breadcrumb\"},\"inLanguage\":\"de\",\"potentialAction\":[{\"@type\":\"ReadAction\",\"target\":[\"https:\/\/ways4.eu\/zh\/bikes\/cars\/\"]}]},{\"@type\":\"BreadcrumbList\",\"@id\":\"https:\/\/ways4.eu\/zh\/bikes\/cars\/#breadcrumb\",\"itemListElement\":[{\"@type\":\"ListItem\",\"position\":1,\"name\":\"Home\",\"item\":\"https:\/\/ways4.eu\/\"},{\"@type\":\"ListItem\",\"position\":2,\"name\":\"\u6c7d\u8f66\",\"item\":\"https:\/\/ways4.eu\/zh\/bikes\/\"},{\"@type\":\"ListItem\",\"position\":3,\"name\":\"\u6c7d\u8f66\"}]},{\"@type\":\"WebSite\",\"@id\":\"https:\/\/ways4.eu\/#website\",\"url\":\"https:\/\/ways4.eu\/\",\"name\":\"Streng vertraulich !\",\"description\":\"Nicht weitersagen...\",\"publisher\":{\"@id\":\"https:\/\/ways4.eu\/#\/schema\/person\/00041dcd2cf535a70052cf591c2abd81\"},\"potentialAction\":[{\"@type\":\"SearchAction\",\"target\":{\"@type\":\"EntryPoint\",\"urlTemplate\":\"https:\/\/ways4.eu\/?s={search_term_string}\"},\"query-input\":\"required name=search_term_string\"}],\"inLanguage\":\"de\"},{\"@type\":[\"Person\",\"Organization\"],\"@id\":\"https:\/\/ways4.eu\/#\/schema\/person\/00041dcd2cf535a70052cf591c2abd81\",\"name\":\"pathfinder\",\"image\":{\"@type\":\"ImageObject\",\"inLanguage\":\"de\",\"@id\":\"https:\/\/ways4.eu\/#\/schema\/person\/image\/\",\"url\":\"https:\/\/i0.wp.com\/www.ways4.eu\/wp-content\/uploads\/2023\/01\/wp-1674746983690.jpg?fit=702%2C841&ssl=1\",\"contentUrl\":\"https:\/\/i0.wp.com\/www.ways4.eu\/wp-content\/uploads\/2023\/01\/wp-1674746983690.jpg?fit=702%2C841&ssl=1\",\"width\":702,\"height\":841,\"caption\":\"pathfinder\"},\"logo\":{\"@id\":\"https:\/\/ways4.eu\/#\/schema\/person\/image\/\"},\"sameAs\":[\"https:\/\/ways4.eu\",\"https:\/\/twitter.com\/sabhe011\"]}]}<\/script>\n<!-- \/ Yoast SEO plugin. -->","yoast_head_json":{"title":"Autos - Streng vertraulich !","robots":{"index":"index","follow":"follow","max-snippet":"max-snippet:-1","max-image-preview":"max-image-preview:large","max-video-preview":"max-video-preview:-1"},"canonical":"https:\/\/ways4.eu\/zh\/bikes\/cars\/","og_locale":"de_DE","og_type":"article","og_title":"Autos - Streng vertraulich !","og_url":"https:\/\/ways4.eu\/zh\/bikes\/cars\/","og_site_name":"Streng vertraulich !","twitter_card":"summary_large_image","twitter_site":"@sabhe011","schema":{"@context":"https:\/\/schema.org","@graph":[{"@type":"WebPage","@id":"https:\/\/ways4.eu\/zh\/bikes\/cars\/","url":"https:\/\/ways4.eu\/zh\/bikes\/cars\/","name":"Autos - Streng vertraulich !","isPartOf":{"@id":"https:\/\/ways4.eu\/#website"},"datePublished":"2017-08-25T10:32:16+00:00","dateModified":"2017-08-25T10:32:16+00:00","breadcrumb":{"@id":"https:\/\/ways4.eu\/zh\/bikes\/cars\/#breadcrumb"},"inLanguage":"de","potentialAction":[{"@type":"ReadAction","target":["https:\/\/ways4.eu\/zh\/bikes\/cars\/"]}]},{"@type":"BreadcrumbList","@id":"https:\/\/ways4.eu\/zh\/bikes\/cars\/#breadcrumb","itemListElement":[{"@type":"ListItem","position":1,"name":"Home","item":"https:\/\/ways4.eu\/"},{"@type":"ListItem","position":2,"name":"\u6c7d\u8f66","item":"https:\/\/ways4.eu\/zh\/bikes\/"},{"@type":"ListItem","position":3,"name":"\u6c7d\u8f66"}]},{"@type":"WebSite","@id":"https:\/\/ways4.eu\/#website","url":"https:\/\/ways4.eu\/","name":"Streng vertraulich !","description":"Nicht weitersagen...","publisher":{"@id":"https:\/\/ways4.eu\/#\/schema\/person\/00041dcd2cf535a70052cf591c2abd81"},"potentialAction":[{"@type":"SearchAction","target":{"@type":"EntryPoint","urlTemplate":"https:\/\/ways4.eu\/?s={search_term_string}"},"query-input":"required name=search_term_string"}],"inLanguage":"de"},{"@type":["Person","Organization"],"@id":"https:\/\/ways4.eu\/#\/schema\/person\/00041dcd2cf535a70052cf591c2abd81","name":"pathfinder","image":{"@type":"ImageObject","inLanguage":"de","@id":"https:\/\/ways4.eu\/#\/schema\/person\/image\/","url":"https:\/\/i0.wp.com\/www.ways4.eu\/wp-content\/uploads\/2023\/01\/wp-1674746983690.jpg?fit=702%2C841&ssl=1","contentUrl":"https:\/\/i0.wp.com\/www.ways4.eu\/wp-content\/uploads\/2023\/01\/wp-1674746983690.jpg?fit=702%2C841&ssl=1","width":702,"height":841,"caption":"pathfinder"},"logo":{"@id":"https:\/\/ways4.eu\/#\/schema\/person\/image\/"},"sameAs":["https:\/\/ways4.eu","https:\/\/twitter.com\/sabhe011"]}]}},"yasr_visitor_votes":{"number_of_votes":0,"sum_votes":0,"stars_attributes":{"read_only":false,"span_bottom":false}},"_links":{"self":[{"href":"https:\/\/ways4.eu\/de\/wp-json\/wp\/v2\/pages\/641"}],"collection":[{"href":"https:\/\/ways4.eu\/de\/wp-json\/wp\/v2\/pages"}],"about":[{"href":"https:\/\/ways4.eu\/de\/wp-json\/wp\/v2\/types\/page"}],"author":[{"embeddable":true,"href":"https:\/\/ways4.eu\/de\/wp-json\/wp\/v2\/users\/1"}],"replies":[{"embeddable":true,"href":"https:\/\/ways4.eu\/de\/wp-json\/wp\/v2\/comments?post=641"}],"version-history":[{"count":2,"href":"https:\/\/ways4.eu\/de\/wp-json\/wp\/v2\/pages\/641\/revisions"}],"predecessor-version":[{"id":643,"href":"https:\/\/ways4.eu\/de\/wp-json\/wp\/v2\/pages\/641\/revisions\/643"}],"up":[{"embeddable":true,"href":"https:\/\/ways4.eu\/de\/wp-json\/wp\/v2\/pages\/10"}],"wp:attachment":[{"href":"https:\/\/ways4.eu\/de\/wp-json\/wp\/v2\/media?parent=641"}],"curies":[{"name":"wp","href":"https:\/\/api.w.org\/{rel}","templated":true}]}}