{"id":666,"date":"2017-08-25T13:14:32","date_gmt":"2017-08-25T11:14:32","guid":{"rendered":"https:\/\/ways4.eu\/?page_id=666"},"modified":"2017-08-25T13:14:32","modified_gmt":"2017-08-25T11:14:32","slug":"motorbikes","status":"publish","type":"page","link":"https:\/\/ways4.eu\/de\/bikes\/motorbikes\/","title":{"rendered":"Zweir\u00e4der"},"content":{"rendered":"<p><div class=\"add_posts\"><a class=\"post-thumb alignleft\" style=\"float:left; margin-right:15px; clear:both;\" href=\"https:\/\/ways4.eu\/de\/blog\/2021\/04\/02\/50\/ \"><\/a><div class=\"add_posts_content\" style=\"clear:both;\"><div id=\"ez-toc-container\" class=\"ez-toc-v2_0_44_2 counter-hierarchy ez-toc-counter ez-toc-grey ez-toc-container-direction\">\n<div class=\"ez-toc-title-container\">\n<p class=\"ez-toc-title\">Table of Contents<\/p>\n<span class=\"ez-toc-title-toggle\"><a href=\"#\" class=\"ez-toc-pull-right ez-toc-btn ez-toc-btn-xs ez-toc-btn-default ez-toc-toggle\" area-label=\"ez-toc-toggle-icon-1\"><label for=\"item-69e8aab47d6c0\" aria-label=\"Table of Content\"><span style=\"display: flex;align-items: center;width: 35px;height: 30px;justify-content: center;direction:ltr;\"><svg style=\"fill: #999;color:#999\" xmlns=\"http:\/\/www.w3.org\/2000\/svg\" class=\"list-377408\" width=\"20px\" height=\"20px\" viewBox=\"0 0 24 24\" fill=\"none\"><path d=\"M6 6H4v2h2V6zm14 0H8v2h12V6zM4 11h2v2H4v-2zm16 0H8v2h12v-2zM4 16h2v2H4v-2zm16 0H8v2h12v-2z\" fill=\"currentColor\"><\/path><\/svg><svg style=\"fill: #999;color:#999\" class=\"arrow-unsorted-368013\" xmlns=\"http:\/\/www.w3.org\/2000\/svg\" width=\"10px\" height=\"10px\" viewBox=\"0 0 24 24\" version=\"1.2\" baseProfile=\"tiny\"><path d=\"M18.2 9.3l-6.2-6.3-6.2 6.3c-.2.2-.3.4-.3.7s.1.5.3.7c.2.2.4.3.7.3h11c.3 0 .5-.1.7-.3.2-.2.3-.5.3-.7s-.1-.5-.3-.7zM5.8 14.7l6.2 6.3 6.2-6.3c.2-.2.3-.5.3-.7s-.1-.5-.3-.7c-.2-.2-.4-.3-.7-.3h-11c-.3 0-.5.1-.7.3-.2.2-.3.5-.3.7s.1.5.3.7z\"\/><\/svg><\/span><\/label><input  type=\"checkbox\" id=\"item-69e8aab47d6c0\"><\/a><\/span><\/div>\n<nav><ul class='ez-toc-list ez-toc-list-level-1 ' ><li class='ez-toc-page-1 ez-toc-heading-level-2'><a class=\"ez-toc-link ez-toc-heading-1\" href=\"https:\/\/ways4.eu\/de\/bikes\/motorbikes\/#50\" title=\"50\">50<\/a><\/li><li class='ez-toc-page-1 ez-toc-heading-level-2'><a class=\"ez-toc-link ez-toc-heading-2\" href=\"https:\/\/ways4.eu\/de\/bikes\/motorbikes\/#Virtual_Art_Die_bessere_Haelfte_The_Better_Half\" title=\"Virtual Art: Die bessere H\u00e4lfte (The Better Half)\">Virtual Art: Die bessere H\u00e4lfte (The Better Half)<\/a><\/li><li class='ez-toc-page-1 ez-toc-heading-level-2'><a class=\"ez-toc-link ez-toc-heading-3\" href=\"https:\/\/ways4.eu\/de\/bikes\/motorbikes\/#Virtual_Art_Gemaelde_des_Ducati_Desmo_Motor_mit_%E2%80%9EKoenigswelle\" title=\"Virtual Art: Gem\u00e4lde des Ducati Desmo Motor mit &#8222;K\u00f6nigswelle&#8220;\">Virtual Art: Gem\u00e4lde des Ducati Desmo Motor mit &#8222;K\u00f6nigswelle&#8220;<\/a><\/li><\/ul><\/nav><\/div>\n<h2 class=\"title\" style=\"clear: none;\"><span class=\"ez-toc-section\" id=\"50\"><\/span><a href=\"https:\/\/ways4.eu\/de\/blog\/2021\/04\/02\/50\/\">50<\/a><span class=\"ez-toc-section-end\"><\/span><\/h2><div class=\"post-content\" style=\"clear:both\";><p><!-- wp:image {\"id\":2136} --><\/p>\n<figure class=\"wp-block-image\"><img src=\"https:\/\/ways4.eu\/wp-content\/uploads\/2021\/04\/DucatiRacing_001.jpg\" alt=\"\" class=\"wp-image-2136\"\/><figcaption>50<\/figcaption><\/figure>\n<p><!-- \/wp:image --><\/p>\n <a href=\"https:\/\/ways4.eu\/de\/blog\/2021\/04\/02\/50\/\" class=\"readmore\">hier geht es weiter...<\/a><\/div><hr style=\"margin:10px 0\"><\/div><a class=\"post-thumb alignleft\" style=\"float:left; margin-right:15px; clear:both;\" href=\"https:\/\/ways4.eu\/de\/blog\/2017\/11\/13\/virtual-art-the-better-half\/ \"><\/a><div class=\"add_posts_content\" style=\"clear:both;\"><h2 class=\"title\" style=\"clear: none;\"><span class=\"ez-toc-section\" id=\"Virtual_Art_Die_bessere_Haelfte_The_Better_Half\"><\/span><a href=\"https:\/\/ways4.eu\/de\/blog\/2017\/11\/13\/virtual-art-the-better-half\/\">Virtual Art: Die bessere H\u00e4lfte (The Better Half)<\/a><span class=\"ez-toc-section-end\"><\/span><\/h2><div class=\"post-content\" style=\"clear:both\";><p>Nice view from the backside left on a Moto-Guzzi Le Mans 1000 - the better half:<\/p>\n<figure id=\"attachment_1055\" aria-describedby=\"caption-attachment-1055\" style=\"width: 658px\" class=\"wp-caption alignnone\"><a href=\"https:\/\/ways4.eu\/wp-content\/uploads\/2017\/11\/thebetterhalf_001-1526901628.png\"><img class=\"size-large wp-image-1055\" src=\"https:\/\/ways4.eu\/wp-content\/uploads\/2017\/11\/thebetterhalf_001-1526901628-658x1024.png\" alt=\"\" width=\"658\" height=\"1024\" \/><\/a><figcaption id=\"caption-attachment-1055\" class=\"wp-caption-text\">The Better Half; Digital Paint created by Herbie in November 2017<\/figcaption><\/figure>\n<p>&nbsp;<\/p>\n <a href=\"https:\/\/ways4.eu\/de\/blog\/2017\/11\/13\/virtual-art-the-better-half\/\" class=\"readmore\">hier geht es weiter...<\/a><\/div><hr style=\"margin:10px 0\"><\/div><a class=\"post-thumb alignleft\" style=\"float:left; margin-right:15px; clear:both;\" href=\"https:\/\/ways4.eu\/de\/blog\/2017\/09\/19\/virtual-art-study-of-ducati-desmo-konigswelle-engine\/ \"><\/a><div class=\"add_posts_content\" style=\"clear:both;\"><h2 class=\"title\" style=\"clear: none;\"><a href=\"https:\/\/ways4.eu\/de\/blog\/2017\/09\/19\/virtual-art-study-of-ducati-desmo-konigswelle-engine\/\">Virtual Art: Gem\u00e4lde des Ducati Desmo Motor mit \"K\u00f6nigswelle\"<\/a><\/h2><div class=\"post-content\" style=\"clear:both\";><p>F\u00fcr alle Liebhaber sch\u00f6ner Maschinen, habe ich hier nochmal den ber\u00fchmten Ducati Desmo- Motor bildnerisch in Szene gesetzt.<br \/>\nDieser Motor ist ein Meilenstein in der Motorradgeschichte und sicherlich auch ein absolutes Highlight was Sch\u00f6nheit und Design angeht.<\/p>\n<figure id=\"attachment_913\" aria-describedby=\"caption-attachment-913\" style=\"width: 730px\" class=\"wp-caption alignnone\"><a href=\"https:\/\/ways4.eu\/wp-content\/uploads\/2017\/09\/wp-image-202143688.png\"><img class=\"size-large wp-image-913\" src=\"https:\/\/ways4.eu\/wp-content\/uploads\/2017\/09\/wp-image-202143688-1024x925.png\" alt=\"\" width=\"730\" height=\"659\" \/><\/a><figcaption id=\"caption-attachment-913\" class=\"wp-caption-text\">Gem\u00e4lde des ber\u00fchmten Ducati \"K\u00f6nigswellen\"-Motor mit desmodromischer (zwangsgesteuerter) Ventilsteuerung, gemalt von Herbie im September 2017.<\/figcaption><\/figure>\n <a href=\"https:\/\/ways4.eu\/de\/blog\/2017\/09\/19\/virtual-art-study-of-ducati-desmo-konigswelle-engine\/\" class=\"readmore\">hier geht es weiter...<\/a><\/div><hr style=\"margin:10px 0\"><\/div><\/div><div style=\"clear: both;\"><\/div><\/p>\n<div style='text-align:left' class='yasr-auto-insert-overall'><\/div><div style='text-align:left' class='yasr-auto-insert-visitor'><\/div>","protected":false},"excerpt":{"rendered":"","protected":false},"author":1,"featured_media":0,"parent":10,"menu_order":0,"comment_status":"closed","ping_status":"closed","template":"","meta":{"_oct_exclude_from_cache":false,"_mi_skip_tracking":false,"yasr_overall_rating":0,"yasr_post_is_review":"","yasr_auto_insert_disabled":"","yasr_review_type":""},"yoast_head":"<!-- This site is optimized with the Yoast SEO plugin v20.0 - https:\/\/yoast.com\/wordpress\/plugins\/seo\/ -->\n<title>Zweir\u00e4der - Streng vertraulich !<\/title>\n<meta name=\"robots\" content=\"index, follow, max-snippet:-1, max-image-preview:large, max-video-preview:-1\" \/>\n<link rel=\"canonical\" href=\"https:\/\/ways4.eu\/zh\/bikes\/motorbikes\/\" \/>\n<meta property=\"og:locale\" content=\"de_DE\" \/>\n<meta property=\"og:type\" content=\"article\" \/>\n<meta property=\"og:title\" content=\"Zweir\u00e4der - Streng vertraulich !\" \/>\n<meta property=\"og:url\" content=\"https:\/\/ways4.eu\/zh\/bikes\/motorbikes\/\" \/>\n<meta property=\"og:site_name\" content=\"Streng vertraulich !\" \/>\n<meta name=\"twitter:card\" content=\"summary_large_image\" \/>\n<meta name=\"twitter:site\" content=\"@sabhe011\" \/>\n<script type=\"application\/ld+json\" class=\"yoast-schema-graph\">{\"@context\":\"https:\/\/schema.org\",\"@graph\":[{\"@type\":\"WebPage\",\"@id\":\"https:\/\/ways4.eu\/zh\/bikes\/motorbikes\/\",\"url\":\"https:\/\/ways4.eu\/zh\/bikes\/motorbikes\/\",\"name\":\"Zweir\u00e4der - Streng vertraulich !\",\"isPartOf\":{\"@id\":\"https:\/\/ways4.eu\/#website\"},\"datePublished\":\"2017-08-25T11:14:32+00:00\",\"dateModified\":\"2017-08-25T11:14:32+00:00\",\"breadcrumb\":{\"@id\":\"https:\/\/ways4.eu\/zh\/bikes\/motorbikes\/#breadcrumb\"},\"inLanguage\":\"de\",\"potentialAction\":[{\"@type\":\"ReadAction\",\"target\":[\"https:\/\/ways4.eu\/zh\/bikes\/motorbikes\/\"]}]},{\"@type\":\"BreadcrumbList\",\"@id\":\"https:\/\/ways4.eu\/zh\/bikes\/motorbikes\/#breadcrumb\",\"itemListElement\":[{\"@type\":\"ListItem\",\"position\":1,\"name\":\"Home\",\"item\":\"https:\/\/ways4.eu\/\"},{\"@type\":\"ListItem\",\"position\":2,\"name\":\"\u6c7d\u8f66\",\"item\":\"https:\/\/ways4.eu\/zh\/bikes\/\"},{\"@type\":\"ListItem\",\"position\":3,\"name\":\"\u6469\u6258\u8f66\"}]},{\"@type\":\"WebSite\",\"@id\":\"https:\/\/ways4.eu\/#website\",\"url\":\"https:\/\/ways4.eu\/\",\"name\":\"Streng vertraulich !\",\"description\":\"Nicht weitersagen...\",\"publisher\":{\"@id\":\"https:\/\/ways4.eu\/#\/schema\/person\/00041dcd2cf535a70052cf591c2abd81\"},\"potentialAction\":[{\"@type\":\"SearchAction\",\"target\":{\"@type\":\"EntryPoint\",\"urlTemplate\":\"https:\/\/ways4.eu\/?s={search_term_string}\"},\"query-input\":\"required name=search_term_string\"}],\"inLanguage\":\"de\"},{\"@type\":[\"Person\",\"Organization\"],\"@id\":\"https:\/\/ways4.eu\/#\/schema\/person\/00041dcd2cf535a70052cf591c2abd81\",\"name\":\"pathfinder\",\"image\":{\"@type\":\"ImageObject\",\"inLanguage\":\"de\",\"@id\":\"https:\/\/ways4.eu\/#\/schema\/person\/image\/\",\"url\":\"https:\/\/i0.wp.com\/www.ways4.eu\/wp-content\/uploads\/2023\/01\/wp-1674746983690.jpg?fit=702%2C841&ssl=1\",\"contentUrl\":\"https:\/\/i0.wp.com\/www.ways4.eu\/wp-content\/uploads\/2023\/01\/wp-1674746983690.jpg?fit=702%2C841&ssl=1\",\"width\":702,\"height\":841,\"caption\":\"pathfinder\"},\"logo\":{\"@id\":\"https:\/\/ways4.eu\/#\/schema\/person\/image\/\"},\"sameAs\":[\"https:\/\/ways4.eu\",\"https:\/\/twitter.com\/sabhe011\"]}]}<\/script>\n<!-- \/ Yoast SEO plugin. -->","yoast_head_json":{"title":"Zweir\u00e4der - Streng vertraulich !","robots":{"index":"index","follow":"follow","max-snippet":"max-snippet:-1","max-image-preview":"max-image-preview:large","max-video-preview":"max-video-preview:-1"},"canonical":"https:\/\/ways4.eu\/zh\/bikes\/motorbikes\/","og_locale":"de_DE","og_type":"article","og_title":"Zweir\u00e4der - Streng vertraulich !","og_url":"https:\/\/ways4.eu\/zh\/bikes\/motorbikes\/","og_site_name":"Streng vertraulich !","twitter_card":"summary_large_image","twitter_site":"@sabhe011","schema":{"@context":"https:\/\/schema.org","@graph":[{"@type":"WebPage","@id":"https:\/\/ways4.eu\/zh\/bikes\/motorbikes\/","url":"https:\/\/ways4.eu\/zh\/bikes\/motorbikes\/","name":"Zweir\u00e4der - Streng vertraulich !","isPartOf":{"@id":"https:\/\/ways4.eu\/#website"},"datePublished":"2017-08-25T11:14:32+00:00","dateModified":"2017-08-25T11:14:32+00:00","breadcrumb":{"@id":"https:\/\/ways4.eu\/zh\/bikes\/motorbikes\/#breadcrumb"},"inLanguage":"de","potentialAction":[{"@type":"ReadAction","target":["https:\/\/ways4.eu\/zh\/bikes\/motorbikes\/"]}]},{"@type":"BreadcrumbList","@id":"https:\/\/ways4.eu\/zh\/bikes\/motorbikes\/#breadcrumb","itemListElement":[{"@type":"ListItem","position":1,"name":"Home","item":"https:\/\/ways4.eu\/"},{"@type":"ListItem","position":2,"name":"\u6c7d\u8f66","item":"https:\/\/ways4.eu\/zh\/bikes\/"},{"@type":"ListItem","position":3,"name":"\u6469\u6258\u8f66"}]},{"@type":"WebSite","@id":"https:\/\/ways4.eu\/#website","url":"https:\/\/ways4.eu\/","name":"Streng vertraulich !","description":"Nicht weitersagen...","publisher":{"@id":"https:\/\/ways4.eu\/#\/schema\/person\/00041dcd2cf535a70052cf591c2abd81"},"potentialAction":[{"@type":"SearchAction","target":{"@type":"EntryPoint","urlTemplate":"https:\/\/ways4.eu\/?s={search_term_string}"},"query-input":"required name=search_term_string"}],"inLanguage":"de"},{"@type":["Person","Organization"],"@id":"https:\/\/ways4.eu\/#\/schema\/person\/00041dcd2cf535a70052cf591c2abd81","name":"pathfinder","image":{"@type":"ImageObject","inLanguage":"de","@id":"https:\/\/ways4.eu\/#\/schema\/person\/image\/","url":"https:\/\/i0.wp.com\/www.ways4.eu\/wp-content\/uploads\/2023\/01\/wp-1674746983690.jpg?fit=702%2C841&ssl=1","contentUrl":"https:\/\/i0.wp.com\/www.ways4.eu\/wp-content\/uploads\/2023\/01\/wp-1674746983690.jpg?fit=702%2C841&ssl=1","width":702,"height":841,"caption":"pathfinder"},"logo":{"@id":"https:\/\/ways4.eu\/#\/schema\/person\/image\/"},"sameAs":["https:\/\/ways4.eu","https:\/\/twitter.com\/sabhe011"]}]}},"yasr_visitor_votes":{"number_of_votes":0,"sum_votes":0,"stars_attributes":{"read_only":false,"span_bottom":false}},"_links":{"self":[{"href":"https:\/\/ways4.eu\/de\/wp-json\/wp\/v2\/pages\/666"}],"collection":[{"href":"https:\/\/ways4.eu\/de\/wp-json\/wp\/v2\/pages"}],"about":[{"href":"https:\/\/ways4.eu\/de\/wp-json\/wp\/v2\/types\/page"}],"author":[{"embeddable":true,"href":"https:\/\/ways4.eu\/de\/wp-json\/wp\/v2\/users\/1"}],"replies":[{"embeddable":true,"href":"https:\/\/ways4.eu\/de\/wp-json\/wp\/v2\/comments?post=666"}],"version-history":[{"count":1,"href":"https:\/\/ways4.eu\/de\/wp-json\/wp\/v2\/pages\/666\/revisions"}],"predecessor-version":[{"id":667,"href":"https:\/\/ways4.eu\/de\/wp-json\/wp\/v2\/pages\/666\/revisions\/667"}],"up":[{"embeddable":true,"href":"https:\/\/ways4.eu\/de\/wp-json\/wp\/v2\/pages\/10"}],"wp:attachment":[{"href":"https:\/\/ways4.eu\/de\/wp-json\/wp\/v2\/media?parent=666"}],"curies":[{"name":"wp","href":"https:\/\/api.w.org\/{rel}","templated":true}]}}