{"id":466,"date":"2016-05-12T11:37:14","date_gmt":"2016-05-12T09:37:14","guid":{"rendered":"https:\/\/ways4.eu\/?page_id=466"},"modified":"2017-08-16T15:39:26","modified_gmt":"2017-08-16T13:39:26","slug":"travelling-by-train","status":"publish","type":"page","link":"https:\/\/ways4.eu\/zh\/travel\/travelling-by-train\/","title":{"rendered":"\u4f20\u52a8\u7cfb\u7edf"},"content":{"rendered":"<p><div class=\"add_posts\"><a class=\"post-thumb alignleft\" style=\"float:left; margin-right:15px; clear:both;\" href=\"https:\/\/ways4.eu\/zh\/blog\/2019\/04\/18\/notwehr-im-nahverkehr-burger-fahrt-schwarz\/ \"><\/a><div class=\"add_posts_content\" style=\"clear:both;\"><div id=\"ez-toc-container\" class=\"ez-toc-v2_0_44_2 counter-hierarchy ez-toc-counter ez-toc-grey ez-toc-container-direction\">\n<div class=\"ez-toc-title-container\">\n<p class=\"ez-toc-title\">\u76ee\u5f55<\/p>\n<span class=\"ez-toc-title-toggle\"><a href=\"#\" class=\"ez-toc-pull-right ez-toc-btn ez-toc-btn-xs ez-toc-btn-default ez-toc-toggle\" area-label=\"ez-toc-toggle-icon-1\"><label for=\"item-69fc9084daaa8\" aria-label=\"Table of Content\"><span style=\"display: flex;align-items: center;width: 35px;height: 30px;justify-content: center;direction:ltr;\"><svg style=\"fill: #999;color:#999\" xmlns=\"http:\/\/www.w3.org\/2000\/svg\" class=\"list-377408\" width=\"20px\" height=\"20px\" viewBox=\"0 0 24 24\" fill=\"none\"><path d=\"M6 6H4v2h2V6zm14 0H8v2h12V6zM4 11h2v2H4v-2zm16 0H8v2h12v-2zM4 16h2v2H4v-2zm16 0H8v2h12v-2z\" fill=\"currentColor\"><\/path><\/svg><svg style=\"fill: #999;color:#999\" class=\"arrow-unsorted-368013\" xmlns=\"http:\/\/www.w3.org\/2000\/svg\" width=\"10px\" height=\"10px\" viewBox=\"0 0 24 24\" version=\"1.2\" baseProfile=\"tiny\"><path d=\"M18.2 9.3l-6.2-6.3-6.2 6.3c-.2.2-.3.4-.3.7s.1.5.3.7c.2.2.4.3.7.3h11c.3 0 .5-.1.7-.3.2-.2.3-.5.3-.7s-.1-.5-.3-.7zM5.8 14.7l6.2 6.3 6.2-6.3c.2-.2.3-.5.3-.7s-.1-.5-.3-.7c-.2-.2-.4-.3-.7-.3h-11c-.3 0-.5.1-.7.3-.2.2-.3.5-.3.7s.1.5.3.7z\"\/><\/svg><\/span><\/label><input  type=\"checkbox\" id=\"item-69fc9084daaa8\"><\/a><\/span><\/div>\n<nav><ul class='ez-toc-list ez-toc-list-level-1 ' ><li class='ez-toc-page-1 ez-toc-heading-level-2'><a class=\"ez-toc-link ez-toc-heading-1\" href=\"https:\/\/ways4.eu\/zh\/travel\/travelling-by-train\/#Notwehr_im_Nahverkehr_Burger_fahrt_schwarz\" title=\"Notwehr im Nahverkehr: B\u00fcrger, fahrt schwarz!\">Notwehr im Nahverkehr: B\u00fcrger, fahrt schwarz!<\/a><\/li><li class='ez-toc-page-1 ez-toc-heading-level-2'><a class=\"ez-toc-link ez-toc-heading-2\" href=\"https:\/\/ways4.eu\/zh\/travel\/travelling-by-train\/#BAHN%E6%97%85%E5%AE%A2%E7%9A%84%E7%BB%8F%E5%8E%86%EF%BC%9A%E5%BE%88%E6%A3%92%EF%BC%8C%E5%8D%8A%E5%A4%A9%E5%81%87\" title=\"BAHN\u65c5\u5ba2\u7684\u7ecf\u5386\uff1a\u201c\u5f88\u68d2\uff0c\u534a\u5929\u5047\u201d\">BAHN\u65c5\u5ba2\u7684\u7ecf\u5386\uff1a\u201c\u5f88\u68d2\uff0c\u534a\u5929\u5047\u201d<\/a><\/li><li class='ez-toc-page-1 ez-toc-heading-level-2'><a class=\"ez-toc-link ez-toc-heading-3\" href=\"https:\/\/ways4.eu\/zh\/travel\/travelling-by-train\/#Deutsche_Bahn_Ich_kann_nicht_mehr_ich_muss_hier_raus\" title=\"Deutsche Bahn: Ich kann nicht mehr, ich muss hier raus!\">Deutsche Bahn: Ich kann nicht mehr, ich muss hier raus!<\/a><\/li><li class='ez-toc-page-1 ez-toc-heading-level-2'><a class=\"ez-toc-link ez-toc-heading-4\" href=\"https:\/\/ways4.eu\/zh\/travel\/travelling-by-train\/#%E5%BE%B7%E5%9B%BD%E9%93%81%E8%B7%AF%EF%BC%9A%E4%BB%8A%E5%A4%A9%E5%9C%A8%E6%94%B9%E8%A3%85%E8%BD%A6%E5%BA%8F%E5%88%97\" title=\"\u5fb7\u56fd\u94c1\u8def\uff1a\u4eca\u5929\u5728\u6539\u88c5\u8f66\u5e8f\u5217\">\u5fb7\u56fd\u94c1\u8def\uff1a\u4eca\u5929\u5728\u6539\u88c5\u8f66\u5e8f\u5217<\/a><\/li><li class='ez-toc-page-1 ez-toc-heading-level-2'><a class=\"ez-toc-link ez-toc-heading-5\" href=\"https:\/\/ways4.eu\/zh\/travel\/travelling-by-train\/#Gedanken_z_Abendzug_von_W_Busch\" title=\"Gedanken z. Abendzug von W. Busch\">Gedanken z. Abendzug von W. Busch<\/a><\/li><\/ul><\/nav><\/div>\n<h2 class=\"title\" style=\"clear: none;\"><span class=\"ez-toc-section\" id=\"Notwehr_im_Nahverkehr_Burger_fahrt_schwarz\"><\/span><a href=\"https:\/\/ways4.eu\/zh\/blog\/2019\/04\/18\/notwehr-im-nahverkehr-burger-fahrt-schwarz\/\">Notwehr im Nahverkehr: B\u00fcrger, fahrt schwarz!<\/a><span class=\"ez-toc-section-end\"><\/span><\/h2><div class=\"post-content\" style=\"clear:both\";><p><img class=\"alignnone wp-image-1413 size-full\" src=\"https:\/\/ways4.eu\/wp-content\/uploads\/2019\/04\/smartselectimage_2019-04-18-22-04-391198156431.png\" width=\"1204\" height=\"431\" \/><\/p>\n<p>Ein interessanter Bericht eines Betroffenen\/ Gesch\u00e4digten des \u00d6PNV.<\/p>\n<p>Aus eigener leidvoller Erfahrung teile ich weitestgehend seine Auffassung, dass der \u00d6PNV endlich dazu verpflichtet werden sollte, f\u00fcr den aus Versp\u00e4tungen und Zugausf\u00e4llen verursachten Schaden angemessene Entsch\u00e4digung zu zahlen.<\/p>\n<p>Den vom Autor des Berichtes propagierten Ansatz zur Erreichung des Zieles sollten die Kunden vermehrt \"Schwarz\" fahren, teile ich allerdings nicht. Dies w\u00fcrde lediglich wiederum den einzelnen Kunden sch\u00e4digen, der sich dann mit gerichtlichen Forderungen und Strafverfahren konfrontiert sehen w\u00fcrde.<\/p>\n<p>Mein Ansatz w\u00e4re: <strong>meidet den \u00d6PNV wo es nur geht !!<\/strong> D.h. Umstieg auf Auto, Fahrrad, Mitfahrgelegenheiten, private Busdienste wie Flixbus etc.<\/p>\n<p>Wir als Kunden haben beim \u00d6PNV (Bahn, Bus) nur die M\u00f6glichkeit Druck auszu\u00fcben, indem wir uns die Unversch\u00e4mtheiten und die mangelhafte Servicequalit\u00e4t nicht mehr bieten lassen und diese Dienste meiden ! Der daraus bei den Betreibern entstehende Kosten- und Leidensdruck wird hoffentlich mittel- und langfristig zu Verbesserungen f\u00fchren.<\/p>\n<p>SPIEGEL ONLINE: Notwehr im Nahverkehr: B\u00fcrger, fahrt schwarz!.<br \/>\n<a href=\"https:\/\/www.spiegel.de\/politik\/deutschland\/schwarzfahren-notwehr-im-nahverkehr-buerger-fahrt-schwarz-kolumne-a-1263363.html\">https:\/\/www.spiegel.de\/politik\/deutschland\/schwarzfahren-notwehr-im-nahverkehr-buerger-fahrt-schwarz-kolumne-a-1263363.html<\/a><\/p>\n <a href=\"https:\/\/ways4.eu\/zh\/blog\/2019\/04\/18\/notwehr-im-nahverkehr-burger-fahrt-schwarz\/\" class=\"readmore\">\u66f4\u591a<\/a><\/div><hr style=\"margin:10px 0\"><\/div><a class=\"post-thumb alignleft\" style=\"float:left; margin-right:15px; clear:both;\" href=\"https:\/\/ways4.eu\/zh\/blog\/2018\/08\/10\/experiences-of-bahn-travelers-2018-great-half-day-off\/ \"><\/a><div class=\"add_posts_content\" style=\"clear:both;\"><h2 class=\"title\" style=\"clear: none;\"><span class=\"ez-toc-section\" id=\"BAHN%E6%97%85%E5%AE%A2%E7%9A%84%E7%BB%8F%E5%8E%86%EF%BC%9A%E5%BE%88%E6%A3%92%EF%BC%8C%E5%8D%8A%E5%A4%A9%E5%81%87\"><\/span><a href=\"https:\/\/ways4.eu\/zh\/blog\/2018\/08\/10\/experiences-of-bahn-travelers-2018-great-half-day-off\/\">BAHN\u65c5\u5ba2\u7684\u7ecf\u5386\uff1a\u201c\u5f88\u68d2\uff0c\u534a\u5929\u5047\u201d<\/a><span class=\"ez-toc-section-end\"><\/span><\/h2><div class=\"post-content\" style=\"clear:both\";><p>\u5173\u4e8e\u5fb7\u56fd\u94c1\u8def\u65c5\u5ba2\u7ecf\u5386\u7684\u6709\u8da3\u6587\u7ae0\uff1a<\/p>\n<p><a href=\"http:\/\/www.faz.net\/aktuell\/gesellschaft\/ungluecke\/erfahrungen-mit-der-bahn-das-haben-leser-in-zuegen-erlebt-15730278.html\">http:\/\/www.faz.net\/aktuell\/gesellschaft\/ungluecke\/erfahrungen-mit-der-bahn-das-haben-leser-in-zuegen-erlebt-15730278.html<\/a><\/p>\n <a href=\"https:\/\/ways4.eu\/zh\/blog\/2018\/08\/10\/experiences-of-bahn-travelers-2018-great-half-day-off\/\" class=\"readmore\">\u66f4\u591a<\/a><\/div><hr style=\"margin:10px 0\"><\/div><a class=\"post-thumb alignleft\" style=\"float:left; margin-right:15px; clear:both;\" href=\"https:\/\/ways4.eu\/zh\/blog\/2018\/08\/08\/deutsche-bahn-ich-kann-nicht-mehr-ich-muss-hier-raus\/ \"><\/a><div class=\"add_posts_content\" style=\"clear:both;\"><h2 class=\"title\" style=\"clear: none;\"><span class=\"ez-toc-section\" id=\"Deutsche_Bahn_Ich_kann_nicht_mehr_ich_muss_hier_raus\"><\/span><a href=\"https:\/\/ways4.eu\/zh\/blog\/2018\/08\/08\/deutsche-bahn-ich-kann-nicht-mehr-ich-muss-hier-raus\/\">Deutsche Bahn: Ich kann nicht mehr, ich muss hier raus!<\/a><span class=\"ez-toc-section-end\"><\/span><\/h2><div class=\"post-content\" style=\"clear:both\";><p>Bericht \u00fcber einen \u00e4lteren Herrn der nur mal schnell mit der deutschen Bahn von Kiel nach Vegesack  (bei Bremen) fahren wollte,  dort aber nach 8-st\u00fcndiger Irrfahrt trotzdem nicht an kam:<\/p>\n<p><a href=\"http:\/\/www.faz.net\/aktuell\/gesellschaft\/menschen\/die-bahn-und-der-sommer-15723216.html\">http:\/\/www.faz.net\/aktuell\/gesellschaft\/menschen\/die-bahn-und-der-sommer-15723216.html<\/a><\/p>\n <a href=\"https:\/\/ways4.eu\/zh\/blog\/2018\/08\/08\/deutsche-bahn-ich-kann-nicht-mehr-ich-muss-hier-raus\/\" class=\"readmore\">\u66f4\u591a<\/a><\/div><hr style=\"margin:10px 0\"><\/div><a class=\"post-thumb alignleft\" style=\"float:left; margin-right:15px; clear:both;\" href=\"https:\/\/ways4.eu\/zh\/blog\/2018\/08\/06\/deutsch-deutsche-bahn-heute-in-geanderter-wagenreihung\/ \"><\/a><div class=\"add_posts_content\" style=\"clear:both;\"><h2 class=\"title\" style=\"clear: none;\"><span class=\"ez-toc-section\" id=\"%E5%BE%B7%E5%9B%BD%E9%93%81%E8%B7%AF%EF%BC%9A%E4%BB%8A%E5%A4%A9%E5%9C%A8%E6%94%B9%E8%A3%85%E8%BD%A6%E5%BA%8F%E5%88%97\"><\/span><a href=\"https:\/\/ways4.eu\/zh\/blog\/2018\/08\/06\/deutsch-deutsche-bahn-heute-in-geanderter-wagenreihung\/\">\u5fb7\u56fd\u94c1\u8def\uff1a\u4eca\u5929\u5728\u6539\u88c5\u8f66\u5e8f\u5217<\/a><span class=\"ez-toc-section-end\"><\/span><\/h2><div class=\"post-content\" style=\"clear:both\";><p><span id=\"result_box\" class=\"\" lang=\"zh-CN\" tabindex=\"-1\"><span class=\"alt-edited\">\u8d8a\u6765\u8d8a\u591a\u7684\u5ef6\u8bef\uff0c\u53d6\u6d88\u548c\u4e2d\u65ad\u5728\u5fb7\u56fd\u94c1\u8def\u3002<\/span> <span class=\"alt-edited\">\u8be5\u516c\u53f8\u5e76\u4e0d\u4ec5\u4ec5\u4e0e\u5f53\u524d\u7684\u5229\u597d\u6d88\u606f\u773c\u524d\u4e00\u4eae\uff0c\u4f46\u5ba2\u6237\u7684\u6295\u8bc9\uff0c\u5806\u653e\u5728\u64cd\u4f5c\u548c\u670d\u52a1\u4e25\u91cd\u9a9a\u4e71\u3002<\/span><\/span><\/p>\n<p><span class=\"\">\u4e3a\u4ec0\u4e48\u5b83\u66fe\u7ecf\u5982\u4f55\u4ee5\u53ca\u5b83\u53ef\u80fd\u5bfc\u81f4\u7684\u5730\u65b9\uff1fJohann-G\u00fcntherK\u00f6nig\u8bd5\u56fe\u5728\u4ed6\u7684\u4e66\u201c\u51c6\u65f6\u5c31\u50cf\u5fb7\u56fd\u94c1\u8def\uff1f\u201d<\/span>\u663e\u793a<span class=\"\">\u3002<\/span><\/p>\n<p><span class=\"\">\u503c\u5f97\u4e00\u8bfb\u7684\u6587\u7ae0\u53ef\u4ee5\u5728FAZ.net\u7684\u4ee5\u4e0b\u94fe\u63a5\u4e2d\u627e\u5230\uff1a<\/span><\/p>\n<p><a href=\"http:\/\/www.faz.net\/-hp7-9cpmt\"><span class=\"\">http:\/\/www.faz.net\/-hp7-9cpmt<\/span><\/a><\/p>\n <a href=\"https:\/\/ways4.eu\/zh\/blog\/2018\/08\/06\/deutsch-deutsche-bahn-heute-in-geanderter-wagenreihung\/\" class=\"readmore\">\u66f4\u591a<\/a><\/div><hr style=\"margin:10px 0\"><\/div><a class=\"post-thumb alignleft\" style=\"float:left; margin-right:15px; clear:both;\" href=\"https:\/\/ways4.eu\/zh\/blog\/2017\/09\/21\/gedanken-z-abendzug-von-w-busch\/ \"><\/a><div class=\"add_posts_content\" style=\"clear:both;\"><h2 class=\"title\" style=\"clear: none;\"><span class=\"ez-toc-section\" id=\"Gedanken_z_Abendzug_von_W_Busch\"><\/span><a href=\"https:\/\/ways4.eu\/zh\/blog\/2017\/09\/21\/gedanken-z-abendzug-von-w-busch\/\">Gedanken z. Abendzug von W. Busch<\/a><span class=\"ez-toc-section-end\"><\/span><\/h2><div class=\"post-content\" style=\"clear:both\";><p><img class=\"size-full\" src=\"https:\/\/ways4.eu\/wp-content\/uploads\/2014\/04\/image13.jpg\" width=\"600\" height=\"600\"><\/p>\n<p>lch ging zur Bahn. Der Abendzug<br \/>\nKam erst um halber zehn.<br \/>\nWer zeitig geht, der handelt klug,<br \/>\nEr kann gem\u00fcthlich gehn.<\/p>\n<p>Der Fr\u00fchling war so warm und mild<br \/>\nlch ging wie neubelebt,<br \/>\nZumal ein werthes Frauenbild<br \/>\nMir vor der Seele schwebt.<\/p>\n<p>Da\u00df ich sie heut noch sehen soll<br \/>\nDa\u00df sie gewi\u00df noch wach,<br \/>\nDavon ist mir das Herz so voll,<br \/>\nlch steh und denke nach.<\/p>\n<p>Ein H\u00e4slein, das vor\u00fcber stiebt,<br \/>\nErmahnt ich: Lass dir Zeit,<br \/>\nEin guter Mensch, der gl\u00fccklich liebt,<\/p>\n<p>Thut keinem was zuleid.<\/p>\n<p>Von ferne aus dem Wiesenteich<br \/>\nErklang der Fr\u00f6sche Chor,<\/p>\n<p>Und \u00fcberm Walde stieg zugleich<br \/>\nDer goldne Mond empor.<\/p>\n<p>Da bist duja, ich gr\u00fc\u00dfe dich,<br \/>\nDu traulicher Kumpan.<br \/>\nBed\u00e4chtig wandelst du wie ich<br \/>\nDahin auf deiner Bahn.<\/p>\n<p>Dies lenkte meinen Denkersinn<br \/>\nAuf den Gesch\u00e4ftsverlauf,<br \/>\nlch \u00fcberschlug mir den Gewinn.<br \/>\nDas hielt mich etwas auf.<\/p>\n<p>Doch horch, da ist die Nachtigall, Sie fl\u00f6tet wundersch\u00f6n.<br \/>\nlch fl\u00f6te selbst mit sanftem Schall<br \/>\nUnd bleib ein wenig stehn.<\/p>\n<p>Und fl\u00f6tend kam ich zur Station<br \/>\nWie das bei mir Gebrauch.<br \/>\nO weh, was ist das f\u00fcr ein Ton?<br \/>\nDer Zug der fl\u00f6tet auch.<\/p>\n<p>Dort saust er hin. Ich stand versteint.<br \/>\nDann sah ich nach der Uhr,<br \/>\nWie jeder, der zu sp\u00e4t erscheint.<br \/>\nSo will es die Natur.<\/p>\n <a href=\"https:\/\/ways4.eu\/zh\/blog\/2017\/09\/21\/gedanken-z-abendzug-von-w-busch\/\" class=\"readmore\">\u66f4\u591a<\/a><\/div><hr style=\"margin:10px 0\"><\/div><\/div><div style=\"clear: both;\"><\/div><\/p>\n<div style='text-align:left' class='yasr-auto-insert-overall'><\/div><div style='text-align:left' class='yasr-auto-insert-visitor'><\/div>","protected":false},"excerpt":{"rendered":"","protected":false},"author":1,"featured_media":0,"parent":183,"menu_order":0,"comment_status":"closed","ping_status":"closed","template":"","meta":{"_oct_exclude_from_cache":false,"_mi_skip_tracking":false,"yasr_overall_rating":0,"yasr_post_is_review":"","yasr_auto_insert_disabled":"","yasr_review_type":""},"yoast_head":"<!-- This site is optimized with the Yoast SEO plugin v20.0 - https:\/\/yoast.com\/wordpress\/plugins\/seo\/ -->\n<title>\u4f20\u52a8\u7cfb\u7edf - \u4e25\u683c\u4fdd\u5bc6<\/title>\n<meta name=\"robots\" content=\"index, follow, max-snippet:-1, max-image-preview:large, max-video-preview:-1\" \/>\n<link rel=\"canonical\" href=\"https:\/\/ways4.eu\/de\/travel\/travelling-by-train\/\" \/>\n<meta property=\"og:locale\" content=\"zh_CN\" \/>\n<meta property=\"og:type\" content=\"article\" \/>\n<meta property=\"og:title\" content=\"\u4f20\u52a8\u7cfb\u7edf - \u4e25\u683c\u4fdd\u5bc6\" \/>\n<meta property=\"og:url\" content=\"https:\/\/ways4.eu\/de\/travel\/travelling-by-train\/\" \/>\n<meta property=\"og:site_name\" content=\"\u4e25\u683c\u4fdd\u5bc6\" \/>\n<meta property=\"article:modified_time\" content=\"2017-08-16T13:39:26+00:00\" \/>\n<meta name=\"twitter:card\" content=\"summary_large_image\" \/>\n<meta name=\"twitter:site\" content=\"@sabhe011\" \/>\n<script type=\"application\/ld+json\" class=\"yoast-schema-graph\">{\"@context\":\"https:\/\/schema.org\",\"@graph\":[{\"@type\":\"WebPage\",\"@id\":\"https:\/\/ways4.eu\/de\/travel\/travelling-by-train\/\",\"url\":\"https:\/\/ways4.eu\/de\/travel\/travelling-by-train\/\",\"name\":\"\u4f20\u52a8\u7cfb\u7edf - \u4e25\u683c\u4fdd\u5bc6\",\"isPartOf\":{\"@id\":\"https:\/\/ways4.eu\/#website\"},\"datePublished\":\"2016-05-12T09:37:14+00:00\",\"dateModified\":\"2017-08-16T13:39:26+00:00\",\"breadcrumb\":{\"@id\":\"https:\/\/ways4.eu\/de\/travel\/travelling-by-train\/#breadcrumb\"},\"inLanguage\":\"zh-CN\",\"potentialAction\":[{\"@type\":\"ReadAction\",\"target\":[\"https:\/\/ways4.eu\/de\/travel\/travelling-by-train\/\"]}]},{\"@type\":\"BreadcrumbList\",\"@id\":\"https:\/\/ways4.eu\/de\/travel\/travelling-by-train\/#breadcrumb\",\"itemListElement\":[{\"@type\":\"ListItem\",\"position\":1,\"name\":\"Home\",\"item\":\"https:\/\/ways4.eu\/\"},{\"@type\":\"ListItem\",\"position\":2,\"name\":\"Reisen\",\"item\":\"https:\/\/ways4.eu\/de\/travel\/\"},{\"@type\":\"ListItem\",\"position\":3,\"name\":\"Zug fahren\"}]},{\"@type\":\"WebSite\",\"@id\":\"https:\/\/ways4.eu\/#website\",\"url\":\"https:\/\/ways4.eu\/\",\"name\":\"\u4e25\u683c\u4fdd\u5bc6\",\"description\":\"\u4e0d\u8c08\u8bba\u5b83\",\"publisher\":{\"@id\":\"https:\/\/ways4.eu\/#\/schema\/person\/00041dcd2cf535a70052cf591c2abd81\"},\"potentialAction\":[{\"@type\":\"SearchAction\",\"target\":{\"@type\":\"EntryPoint\",\"urlTemplate\":\"https:\/\/ways4.eu\/?s={search_term_string}\"},\"query-input\":\"required name=search_term_string\"}],\"inLanguage\":\"zh-CN\"},{\"@type\":[\"Person\",\"Organization\"],\"@id\":\"https:\/\/ways4.eu\/#\/schema\/person\/00041dcd2cf535a70052cf591c2abd81\",\"name\":\"pathfinder\",\"image\":{\"@type\":\"ImageObject\",\"inLanguage\":\"zh-CN\",\"@id\":\"https:\/\/ways4.eu\/#\/schema\/person\/image\/\",\"url\":\"https:\/\/i0.wp.com\/www.ways4.eu\/wp-content\/uploads\/2023\/01\/wp-1674746983690.jpg?fit=702%2C841&ssl=1\",\"contentUrl\":\"https:\/\/i0.wp.com\/www.ways4.eu\/wp-content\/uploads\/2023\/01\/wp-1674746983690.jpg?fit=702%2C841&ssl=1\",\"width\":702,\"height\":841,\"caption\":\"pathfinder\"},\"logo\":{\"@id\":\"https:\/\/ways4.eu\/#\/schema\/person\/image\/\"},\"sameAs\":[\"https:\/\/ways4.eu\",\"https:\/\/twitter.com\/sabhe011\"]}]}<\/script>\n<!-- \/ Yoast SEO plugin. -->","yoast_head_json":{"title":"\u4f20\u52a8\u7cfb\u7edf - \u4e25\u683c\u4fdd\u5bc6","robots":{"index":"index","follow":"follow","max-snippet":"max-snippet:-1","max-image-preview":"max-image-preview:large","max-video-preview":"max-video-preview:-1"},"canonical":"https:\/\/ways4.eu\/de\/travel\/travelling-by-train\/","og_locale":"zh_CN","og_type":"article","og_title":"\u4f20\u52a8\u7cfb\u7edf - \u4e25\u683c\u4fdd\u5bc6","og_url":"https:\/\/ways4.eu\/de\/travel\/travelling-by-train\/","og_site_name":"\u4e25\u683c\u4fdd\u5bc6","article_modified_time":"2017-08-16T13:39:26+00:00","twitter_card":"summary_large_image","twitter_site":"@sabhe011","schema":{"@context":"https:\/\/schema.org","@graph":[{"@type":"WebPage","@id":"https:\/\/ways4.eu\/de\/travel\/travelling-by-train\/","url":"https:\/\/ways4.eu\/de\/travel\/travelling-by-train\/","name":"\u4f20\u52a8\u7cfb\u7edf - \u4e25\u683c\u4fdd\u5bc6","isPartOf":{"@id":"https:\/\/ways4.eu\/#website"},"datePublished":"2016-05-12T09:37:14+00:00","dateModified":"2017-08-16T13:39:26+00:00","breadcrumb":{"@id":"https:\/\/ways4.eu\/de\/travel\/travelling-by-train\/#breadcrumb"},"inLanguage":"zh-CN","potentialAction":[{"@type":"ReadAction","target":["https:\/\/ways4.eu\/de\/travel\/travelling-by-train\/"]}]},{"@type":"BreadcrumbList","@id":"https:\/\/ways4.eu\/de\/travel\/travelling-by-train\/#breadcrumb","itemListElement":[{"@type":"ListItem","position":1,"name":"Home","item":"https:\/\/ways4.eu\/"},{"@type":"ListItem","position":2,"name":"Reisen","item":"https:\/\/ways4.eu\/de\/travel\/"},{"@type":"ListItem","position":3,"name":"Zug fahren"}]},{"@type":"WebSite","@id":"https:\/\/ways4.eu\/#website","url":"https:\/\/ways4.eu\/","name":"\u4e25\u683c\u4fdd\u5bc6","description":"\u4e0d\u8c08\u8bba\u5b83","publisher":{"@id":"https:\/\/ways4.eu\/#\/schema\/person\/00041dcd2cf535a70052cf591c2abd81"},"potentialAction":[{"@type":"SearchAction","target":{"@type":"EntryPoint","urlTemplate":"https:\/\/ways4.eu\/?s={search_term_string}"},"query-input":"required name=search_term_string"}],"inLanguage":"zh-CN"},{"@type":["Person","Organization"],"@id":"https:\/\/ways4.eu\/#\/schema\/person\/00041dcd2cf535a70052cf591c2abd81","name":"pathfinder","image":{"@type":"ImageObject","inLanguage":"zh-CN","@id":"https:\/\/ways4.eu\/#\/schema\/person\/image\/","url":"https:\/\/i0.wp.com\/www.ways4.eu\/wp-content\/uploads\/2023\/01\/wp-1674746983690.jpg?fit=702%2C841&ssl=1","contentUrl":"https:\/\/i0.wp.com\/www.ways4.eu\/wp-content\/uploads\/2023\/01\/wp-1674746983690.jpg?fit=702%2C841&ssl=1","width":702,"height":841,"caption":"pathfinder"},"logo":{"@id":"https:\/\/ways4.eu\/#\/schema\/person\/image\/"},"sameAs":["https:\/\/ways4.eu","https:\/\/twitter.com\/sabhe011"]}]}},"yasr_visitor_votes":{"number_of_votes":0,"sum_votes":0,"stars_attributes":{"read_only":false,"span_bottom":false}},"_links":{"self":[{"href":"https:\/\/ways4.eu\/zh\/wp-json\/wp\/v2\/pages\/466"}],"collection":[{"href":"https:\/\/ways4.eu\/zh\/wp-json\/wp\/v2\/pages"}],"about":[{"href":"https:\/\/ways4.eu\/zh\/wp-json\/wp\/v2\/types\/page"}],"author":[{"embeddable":true,"href":"https:\/\/ways4.eu\/zh\/wp-json\/wp\/v2\/users\/1"}],"replies":[{"embeddable":true,"href":"https:\/\/ways4.eu\/zh\/wp-json\/wp\/v2\/comments?post=466"}],"version-history":[{"count":5,"href":"https:\/\/ways4.eu\/zh\/wp-json\/wp\/v2\/pages\/466\/revisions"}],"predecessor-version":[{"id":535,"href":"https:\/\/ways4.eu\/zh\/wp-json\/wp\/v2\/pages\/466\/revisions\/535"}],"up":[{"embeddable":true,"href":"https:\/\/ways4.eu\/zh\/wp-json\/wp\/v2\/pages\/183"}],"wp:attachment":[{"href":"https:\/\/ways4.eu\/zh\/wp-json\/wp\/v2\/media?parent=466"}],"curies":[{"name":"wp","href":"https:\/\/api.w.org\/{rel}","templated":true}]}}